{"id":1066,"date":"2024-05-09T21:24:32","date_gmt":"2024-05-09T19:24:32","guid":{"rendered":"https:\/\/erwanforgeau.fr\/?page_id=1066"},"modified":"2025-08-31T11:22:37","modified_gmt":"2025-08-31T09:22:37","slug":"musique-reiki","status":"publish","type":"page","link":"https:\/\/erwanforgeau.fr\/index.php\/musique-reiki\/","title":{"rendered":"Musique Reiki"},"content":{"rendered":"\t\t<div data-elementor-type=\"wp-page\" data-elementor-id=\"1066\" class=\"elementor elementor-1066\">\n\t\t\t\t\t\t<section class=\"elementor-section elementor-top-section elementor-element elementor-element-4b083ef elementor-section-boxed elementor-section-height-default elementor-section-height-default\" data-id=\"4b083ef\" data-element_type=\"section\" data-e-type=\"section\">\n\t\t\t\t\t\t<div class=\"elementor-container elementor-column-gap-default\">\n\t\t\t\t\t<div class=\"elementor-column elementor-col-100 elementor-top-column elementor-element elementor-element-805a739\" data-id=\"805a739\" data-element_type=\"column\" data-e-type=\"column\">\n\t\t\t<div class=\"elementor-widget-wrap elementor-element-populated\">\n\t\t\t\t\t\t<div class=\"elementor-element elementor-element-08193e6 elementor-widget elementor-widget-text-editor\" data-id=\"08193e6\" data-element_type=\"widget\" data-e-type=\"widget\" data-widget_type=\"text-editor.default\">\n\t\t\t\t<div class=\"elementor-widget-container\">\n\t\t\t\t\t\t\t\t\t<p>Un grand merci \u00e0 <a href=\"https:\/\/www.youtube.com\/3oaksmusic\">3 Oaks Music<\/a> d&rsquo;accepter le partage de ces musiques id\u00e9ales pour vos s\u00e9ances de Reiki Usui<\/p>\t\t\t\t\t\t\t\t<\/div>\n\t\t\t\t<\/div>\n\t\t\t\t\t<\/div>\n\t\t<\/div>\n\t\t\t\t\t<\/div>\n\t\t<\/section>\n\t\t\t\t<section class=\"elementor-section elementor-top-section elementor-element elementor-element-baff2c0 elementor-section-boxed elementor-section-height-default elementor-section-height-default\" data-id=\"baff2c0\" data-element_type=\"section\" data-e-type=\"section\">\n\t\t\t\t\t\t<div class=\"elementor-container elementor-column-gap-default\">\n\t\t\t\t\t<div class=\"elementor-column elementor-col-100 elementor-top-column elementor-element elementor-element-9e2a01b\" data-id=\"9e2a01b\" data-element_type=\"column\" data-e-type=\"column\">\n\t\t\t<div class=\"elementor-widget-wrap elementor-element-populated\">\n\t\t\t\t\t\t<div class=\"elementor-element elementor-element-2b38a30 elementor-widget__width-initial elementor-widget elementor-widget-video\" data-id=\"2b38a30\" data-element_type=\"widget\" data-e-type=\"widget\" data-settings=\"{&quot;youtube_url&quot;:&quot;https:\\\/\\\/youtu.be\\\/O9CDTTeolJY&quot;,&quot;video_type&quot;:&quot;youtube&quot;,&quot;controls&quot;:&quot;yes&quot;}\" data-widget_type=\"video.default\">\n\t\t\t\t<div class=\"elementor-widget-container\">\n\t\t\t\t\t\t\t<div class=\"elementor-wrapper elementor-open-inline\">\n\t\t\t<div class=\"elementor-video\"><\/div>\t\t<\/div>\n\t\t\t\t\t\t<\/div>\n\t\t\t\t<\/div>\n\t\t\t\t\t<\/div>\n\t\t<\/div>\n\t\t\t\t\t<\/div>\n\t\t<\/section>\n\t\t\t\t<section class=\"elementor-section elementor-top-section elementor-element elementor-element-b8c62ea elementor-section-boxed elementor-section-height-default elementor-section-height-default\" data-id=\"b8c62ea\" data-element_type=\"section\" data-e-type=\"section\">\n\t\t\t\t\t\t<div class=\"elementor-container elementor-column-gap-default\">\n\t\t\t\t\t<div class=\"elementor-column elementor-col-100 elementor-top-column elementor-element elementor-element-09b869e\" data-id=\"09b869e\" data-element_type=\"column\" data-e-type=\"column\">\n\t\t\t<div class=\"elementor-widget-wrap elementor-element-populated\">\n\t\t\t\t\t\t<div class=\"elementor-element elementor-element-f18d696 elementor-widget elementor-widget-video\" data-id=\"f18d696\" data-element_type=\"widget\" data-e-type=\"widget\" data-settings=\"{&quot;youtube_url&quot;:&quot;https:\\\/\\\/youtu.be\\\/XG9oCce4D3g&quot;,&quot;video_type&quot;:&quot;youtube&quot;,&quot;controls&quot;:&quot;yes&quot;}\" data-widget_type=\"video.default\">\n\t\t\t\t<div class=\"elementor-widget-container\">\n\t\t\t\t\t\t\t<div class=\"elementor-wrapper elementor-open-inline\">\n\t\t\t<div class=\"elementor-video\"><\/div>\t\t<\/div>\n\t\t\t\t\t\t<\/div>\n\t\t\t\t<\/div>\n\t\t\t\t\t<\/div>\n\t\t<\/div>\n\t\t\t\t\t<\/div>\n\t\t<\/section>\n\t\t\t\t<section class=\"elementor-section elementor-top-section elementor-element elementor-element-53556b6 elementor-section-boxed elementor-section-height-default elementor-section-height-default\" data-id=\"53556b6\" data-element_type=\"section\" data-e-type=\"section\">\n\t\t\t\t\t\t<div class=\"elementor-container elementor-column-gap-default\">\n\t\t\t\t\t<div class=\"elementor-column elementor-col-100 elementor-top-column elementor-element elementor-element-a273b87\" data-id=\"a273b87\" data-element_type=\"column\" data-e-type=\"column\">\n\t\t\t<div class=\"elementor-widget-wrap elementor-element-populated\">\n\t\t\t\t\t\t<div class=\"elementor-element elementor-element-e05b847 elementor-widget elementor-widget-video\" data-id=\"e05b847\" data-element_type=\"widget\" data-e-type=\"widget\" data-settings=\"{&quot;youtube_url&quot;:&quot;https:\\\/\\\/youtu.be\\\/wh2G9GSsh4I&quot;,&quot;video_type&quot;:&quot;youtube&quot;,&quot;controls&quot;:&quot;yes&quot;}\" data-widget_type=\"video.default\">\n\t\t\t\t<div class=\"elementor-widget-container\">\n\t\t\t\t\t\t\t<div class=\"elementor-wrapper elementor-open-inline\">\n\t\t\t<div class=\"elementor-video\"><\/div>\t\t<\/div>\n\t\t\t\t\t\t<\/div>\n\t\t\t\t<\/div>\n\t\t\t\t\t<\/div>\n\t\t<\/div>\n\t\t\t\t\t<\/div>\n\t\t<\/section>\n\t\t\t\t<\/div>\n\t\t","protected":false},"excerpt":{"rendered":"<p>Un grand merci \u00e0 3 Oaks Music d&rsquo;accepter le partage de ces musiques id\u00e9ales pour vos s\u00e9ances de Reiki Usui https:\/\/youtu.be\/O9CDTTeolJYhttps:\/\/youtu.be\/XG9oCce4D3ghttps:\/\/youtu.be\/wh2G9GSsh4I<\/p>\n","protected":false},"author":1,"featured_media":0,"parent":0,"menu_order":0,"comment_status":"closed","ping_status":"closed","template":"","meta":{"footnotes":""},"class_list":["post-1066","page","type-page","status-publish","hentry"],"yoast_head":"<!-- This site is optimized with the Yoast SEO plugin v27.4 - https:\/\/yoast.com\/product\/yoast-seo-wordpress\/ -->\n<title>Musique Reiki - Erwan Forgeau<\/title>\n<meta name=\"description\" content=\"musique reiki clochette auto soin\" \/>\n<meta name=\"robots\" content=\"index, follow, max-snippet:-1, max-image-preview:large, max-video-preview:-1\" \/>\n<link rel=\"canonical\" href=\"https:\/\/erwanforgeau.fr\/index.php\/musique-reiki\/\" \/>\n<meta property=\"og:locale\" content=\"fr_FR\" \/>\n<meta property=\"og:type\" content=\"article\" \/>\n<meta property=\"og:title\" content=\"Musique Reiki - Erwan Forgeau\" \/>\n<meta property=\"og:description\" content=\"musique reiki clochette auto soin\" \/>\n<meta property=\"og:url\" content=\"https:\/\/erwanforgeau.fr\/index.php\/musique-reiki\/\" \/>\n<meta property=\"og:site_name\" content=\"Erwan Forgeau\" \/>\n<meta property=\"article:publisher\" content=\"https:\/\/www.facebook.com\/profile.php?id=100095511608759\" \/>\n<meta property=\"article:modified_time\" content=\"2025-08-31T09:22:37+00:00\" \/>\n<meta name=\"twitter:card\" content=\"summary_large_image\" \/>\n<meta name=\"twitter:label1\" content=\"Dur\u00e9e de lecture estim\u00e9e\" \/>\n\t<meta name=\"twitter:data1\" content=\"1 minute\" \/>\n<script type=\"application\/ld+json\" class=\"yoast-schema-graph\">{\"@context\":\"https:\\\/\\\/schema.org\",\"@graph\":[{\"@type\":\"WebPage\",\"@id\":\"https:\\\/\\\/erwanforgeau.fr\\\/index.php\\\/musique-reiki\\\/\",\"url\":\"https:\\\/\\\/erwanforgeau.fr\\\/index.php\\\/musique-reiki\\\/\",\"name\":\"Musique Reiki - Erwan Forgeau\",\"isPartOf\":{\"@id\":\"https:\\\/\\\/erwanforgeau.fr\\\/#website\"},\"datePublished\":\"2024-05-09T19:24:32+00:00\",\"dateModified\":\"2025-08-31T09:22:37+00:00\",\"description\":\"musique reiki clochette auto soin\",\"breadcrumb\":{\"@id\":\"https:\\\/\\\/erwanforgeau.fr\\\/index.php\\\/musique-reiki\\\/#breadcrumb\"},\"inLanguage\":\"fr-FR\",\"potentialAction\":[{\"@type\":\"ReadAction\",\"target\":[\"https:\\\/\\\/erwanforgeau.fr\\\/index.php\\\/musique-reiki\\\/\"]}]},{\"@type\":\"BreadcrumbList\",\"@id\":\"https:\\\/\\\/erwanforgeau.fr\\\/index.php\\\/musique-reiki\\\/#breadcrumb\",\"itemListElement\":[{\"@type\":\"ListItem\",\"position\":1,\"name\":\"Accueil\",\"item\":\"https:\\\/\\\/erwanforgeau.fr\\\/\"},{\"@type\":\"ListItem\",\"position\":2,\"name\":\"Musique Reiki\"}]},{\"@type\":\"WebSite\",\"@id\":\"https:\\\/\\\/erwanforgeau.fr\\\/#website\",\"url\":\"https:\\\/\\\/erwanforgeau.fr\\\/\",\"name\":\"erwan, forgeau, maitre, reiki, usui, soins energetiques, 44, nantes, abbaretz, nort sur erdre\",\"description\":\"Ma\u00eetre Reiki Usui\",\"publisher\":{\"@id\":\"https:\\\/\\\/erwanforgeau.fr\\\/#organization\"},\"alternateName\":\"energie, energetique, soins, bien etre, meditation, maitre, spirituel, spiritualite\",\"potentialAction\":[{\"@type\":\"SearchAction\",\"target\":{\"@type\":\"EntryPoint\",\"urlTemplate\":\"https:\\\/\\\/erwanforgeau.fr\\\/?s={search_term_string}\"},\"query-input\":{\"@type\":\"PropertyValueSpecification\",\"valueRequired\":true,\"valueName\":\"search_term_string\"}}],\"inLanguage\":\"fr-FR\"},{\"@type\":\"Organization\",\"@id\":\"https:\\\/\\\/erwanforgeau.fr\\\/#organization\",\"name\":\"Erwan Forgeau, spiritualite, spirituel, soins \u00e9nerg\u00e9tiques, energie, bien \u00eatre\",\"alternateName\":\"erwan, forgeau, maitre, reiki, usui, nantes, abbaretz, 44, bien etre\",\"url\":\"https:\\\/\\\/erwanforgeau.fr\\\/\",\"logo\":{\"@type\":\"ImageObject\",\"inLanguage\":\"fr-FR\",\"@id\":\"https:\\\/\\\/erwanforgeau.fr\\\/#\\\/schema\\\/logo\\\/image\\\/\",\"url\":\"https:\\\/\\\/erwanforgeau.fr\\\/wp-content\\\/uploads\\\/2024\\\/07\\\/cropped-certification-1705088_960_720-e1720355707362.png\",\"contentUrl\":\"https:\\\/\\\/erwanforgeau.fr\\\/wp-content\\\/uploads\\\/2024\\\/07\\\/cropped-certification-1705088_960_720-e1720355707362.png\",\"width\":100,\"height\":95,\"caption\":\"Erwan Forgeau, spiritualite, spirituel, soins \u00e9nerg\u00e9tiques, energie, bien \u00eatre\"},\"image\":{\"@id\":\"https:\\\/\\\/erwanforgeau.fr\\\/#\\\/schema\\\/logo\\\/image\\\/\"},\"sameAs\":[\"https:\\\/\\\/www.facebook.com\\\/profile.php?id=100095511608759\"]}]}<\/script>\n<!-- \/ Yoast SEO plugin. -->","yoast_head_json":{"title":"Musique Reiki - Erwan Forgeau","description":"musique reiki clochette auto soin","robots":{"index":"index","follow":"follow","max-snippet":"max-snippet:-1","max-image-preview":"max-image-preview:large","max-video-preview":"max-video-preview:-1"},"canonical":"https:\/\/erwanforgeau.fr\/index.php\/musique-reiki\/","og_locale":"fr_FR","og_type":"article","og_title":"Musique Reiki - Erwan Forgeau","og_description":"musique reiki clochette auto soin","og_url":"https:\/\/erwanforgeau.fr\/index.php\/musique-reiki\/","og_site_name":"Erwan Forgeau","article_publisher":"https:\/\/www.facebook.com\/profile.php?id=100095511608759","article_modified_time":"2025-08-31T09:22:37+00:00","twitter_card":"summary_large_image","twitter_misc":{"Dur\u00e9e de lecture estim\u00e9e":"1 minute"},"schema":{"@context":"https:\/\/schema.org","@graph":[{"@type":"WebPage","@id":"https:\/\/erwanforgeau.fr\/index.php\/musique-reiki\/","url":"https:\/\/erwanforgeau.fr\/index.php\/musique-reiki\/","name":"Musique Reiki - Erwan Forgeau","isPartOf":{"@id":"https:\/\/erwanforgeau.fr\/#website"},"datePublished":"2024-05-09T19:24:32+00:00","dateModified":"2025-08-31T09:22:37+00:00","description":"musique reiki clochette auto soin","breadcrumb":{"@id":"https:\/\/erwanforgeau.fr\/index.php\/musique-reiki\/#breadcrumb"},"inLanguage":"fr-FR","potentialAction":[{"@type":"ReadAction","target":["https:\/\/erwanforgeau.fr\/index.php\/musique-reiki\/"]}]},{"@type":"BreadcrumbList","@id":"https:\/\/erwanforgeau.fr\/index.php\/musique-reiki\/#breadcrumb","itemListElement":[{"@type":"ListItem","position":1,"name":"Accueil","item":"https:\/\/erwanforgeau.fr\/"},{"@type":"ListItem","position":2,"name":"Musique Reiki"}]},{"@type":"WebSite","@id":"https:\/\/erwanforgeau.fr\/#website","url":"https:\/\/erwanforgeau.fr\/","name":"erwan, forgeau, maitre, reiki, usui, soins energetiques, 44, nantes, abbaretz, nort sur erdre","description":"Ma\u00eetre Reiki Usui","publisher":{"@id":"https:\/\/erwanforgeau.fr\/#organization"},"alternateName":"energie, energetique, soins, bien etre, meditation, maitre, spirituel, spiritualite","potentialAction":[{"@type":"SearchAction","target":{"@type":"EntryPoint","urlTemplate":"https:\/\/erwanforgeau.fr\/?s={search_term_string}"},"query-input":{"@type":"PropertyValueSpecification","valueRequired":true,"valueName":"search_term_string"}}],"inLanguage":"fr-FR"},{"@type":"Organization","@id":"https:\/\/erwanforgeau.fr\/#organization","name":"Erwan Forgeau, spiritualite, spirituel, soins \u00e9nerg\u00e9tiques, energie, bien \u00eatre","alternateName":"erwan, forgeau, maitre, reiki, usui, nantes, abbaretz, 44, bien etre","url":"https:\/\/erwanforgeau.fr\/","logo":{"@type":"ImageObject","inLanguage":"fr-FR","@id":"https:\/\/erwanforgeau.fr\/#\/schema\/logo\/image\/","url":"https:\/\/erwanforgeau.fr\/wp-content\/uploads\/2024\/07\/cropped-certification-1705088_960_720-e1720355707362.png","contentUrl":"https:\/\/erwanforgeau.fr\/wp-content\/uploads\/2024\/07\/cropped-certification-1705088_960_720-e1720355707362.png","width":100,"height":95,"caption":"Erwan Forgeau, spiritualite, spirituel, soins \u00e9nerg\u00e9tiques, energie, bien \u00eatre"},"image":{"@id":"https:\/\/erwanforgeau.fr\/#\/schema\/logo\/image\/"},"sameAs":["https:\/\/www.facebook.com\/profile.php?id=100095511608759"]}]}},"_links":{"self":[{"href":"https:\/\/erwanforgeau.fr\/index.php\/wp-json\/wp\/v2\/pages\/1066","targetHints":{"allow":["GET"]}}],"collection":[{"href":"https:\/\/erwanforgeau.fr\/index.php\/wp-json\/wp\/v2\/pages"}],"about":[{"href":"https:\/\/erwanforgeau.fr\/index.php\/wp-json\/wp\/v2\/types\/page"}],"author":[{"embeddable":true,"href":"https:\/\/erwanforgeau.fr\/index.php\/wp-json\/wp\/v2\/users\/1"}],"replies":[{"embeddable":true,"href":"https:\/\/erwanforgeau.fr\/index.php\/wp-json\/wp\/v2\/comments?post=1066"}],"version-history":[{"count":76,"href":"https:\/\/erwanforgeau.fr\/index.php\/wp-json\/wp\/v2\/pages\/1066\/revisions"}],"predecessor-version":[{"id":1632,"href":"https:\/\/erwanforgeau.fr\/index.php\/wp-json\/wp\/v2\/pages\/1066\/revisions\/1632"}],"wp:attachment":[{"href":"https:\/\/erwanforgeau.fr\/index.php\/wp-json\/wp\/v2\/media?parent=1066"}],"curies":[{"name":"wp","href":"https:\/\/api.w.org\/{rel}","templated":true}]}}