{"id":1659,"date":"2025-09-05T18:29:21","date_gmt":"2025-09-05T16:29:21","guid":{"rendered":"https:\/\/erwanforgeau.fr\/?page_id=1659"},"modified":"2026-04-19T21:32:59","modified_gmt":"2026-04-19T19:32:59","slug":"accompagnement-reiki","status":"publish","type":"page","link":"https:\/\/erwanforgeau.fr\/index.php\/accompagnement-reiki\/","title":{"rendered":"Accompagnement Reiki"},"content":{"rendered":"\t\t<div data-elementor-type=\"wp-page\" data-elementor-id=\"1659\" class=\"elementor elementor-1659\">\n\t\t\t\t\t\t<section class=\"elementor-section elementor-top-section elementor-element elementor-element-ab958bf elementor-section-boxed elementor-section-height-default elementor-section-height-default\" data-id=\"ab958bf\" data-element_type=\"section\" data-e-type=\"section\">\n\t\t\t\t\t\t<div class=\"elementor-container elementor-column-gap-default\">\n\t\t\t\t\t<div class=\"elementor-column elementor-col-100 elementor-top-column elementor-element elementor-element-0bd487c\" data-id=\"0bd487c\" data-element_type=\"column\" data-e-type=\"column\">\n\t\t\t<div class=\"elementor-widget-wrap elementor-element-populated\">\n\t\t\t\t\t\t<div class=\"elementor-element elementor-element-61d16f7 elementor-widget elementor-widget-heading\" data-id=\"61d16f7\" data-element_type=\"widget\" data-e-type=\"widget\" data-widget_type=\"heading.default\">\n\t\t\t\t<div class=\"elementor-widget-container\">\n\t\t\t\t\t<h1 class=\"elementor-heading-title elementor-size-default\">Accompagnement Reiki Usui \u00e0 Abbaretz - S\u00e9ances \u00e9nerg\u00e9tiques pour adultes et enfants<\/h1>\t\t\t\t<\/div>\n\t\t\t\t<\/div>\n\t\t\t\t\t<\/div>\n\t\t<\/div>\n\t\t\t\t\t<\/div>\n\t\t<\/section>\n\t\t\t\t<section class=\"elementor-section elementor-top-section elementor-element elementor-element-eae5cf2 elementor-section-boxed elementor-section-height-default elementor-section-height-default\" data-id=\"eae5cf2\" data-element_type=\"section\" data-e-type=\"section\">\n\t\t\t\t\t\t<div class=\"elementor-container elementor-column-gap-default\">\n\t\t\t\t\t<div class=\"elementor-column elementor-col-100 elementor-top-column elementor-element elementor-element-329ed7f\" data-id=\"329ed7f\" data-element_type=\"column\" data-e-type=\"column\">\n\t\t\t<div class=\"elementor-widget-wrap elementor-element-populated\">\n\t\t\t\t\t\t<div class=\"elementor-element elementor-element-f17d2cc elementor-widget elementor-widget-heading\" data-id=\"f17d2cc\" data-element_type=\"widget\" data-e-type=\"widget\" data-widget_type=\"heading.default\">\n\t\t\t\t<div class=\"elementor-widget-container\">\n\t\t\t\t\t<h2 class=\"elementor-heading-title elementor-size-default\">Introduction<\/h2>\t\t\t\t<\/div>\n\t\t\t\t<\/div>\n\t\t\t\t\t<\/div>\n\t\t<\/div>\n\t\t\t\t\t<\/div>\n\t\t<\/section>\n\t\t\t\t<section class=\"elementor-section elementor-top-section elementor-element elementor-element-284e490 elementor-section-boxed elementor-section-height-default elementor-section-height-default\" data-id=\"284e490\" data-element_type=\"section\" data-e-type=\"section\">\n\t\t\t\t\t\t<div class=\"elementor-container elementor-column-gap-default\">\n\t\t\t\t\t<div class=\"elementor-column elementor-col-100 elementor-top-column elementor-element elementor-element-b9366d0\" data-id=\"b9366d0\" data-element_type=\"column\" data-e-type=\"column\">\n\t\t\t<div class=\"elementor-widget-wrap elementor-element-populated\">\n\t\t\t\t\t\t<div class=\"elementor-element elementor-element-d3c2c3c elementor-widget elementor-widget-text-editor\" data-id=\"d3c2c3c\" data-element_type=\"widget\" data-e-type=\"widget\" data-widget_type=\"text-editor.default\">\n\t\t\t\t<div class=\"elementor-widget-container\">\n\t\t\t\t\t\t\t\t\t<p>Le Reiki Usui est une m\u00e9thode \u00e9nerg\u00e9tique japonaise qui favorise l&rsquo;apaisement, la d\u00e9tente et l&rsquo;harmonisation globale. A Abbaretz, j&rsquo;accompagne adultes et enfants dans un espace de calme, de pr\u00e9sence et d&rsquo;\u00e9coute, pour soutenir leur bien-\u00eatre \u00e9motionnel, mental et \u00e9nerg\u00e9tique. Chaque s\u00e9ance est adapt\u00e9e \u00e0 votre rythme, \u00e0 votre sensibilit\u00e9 et \u00e0 votre cheminement personnel.<\/p>\t\t\t\t\t\t\t\t<\/div>\n\t\t\t\t<\/div>\n\t\t\t\t\t<\/div>\n\t\t<\/div>\n\t\t\t\t\t<\/div>\n\t\t<\/section>\n\t\t\t\t<section class=\"elementor-section elementor-top-section elementor-element elementor-element-3cab7b6 elementor-section-boxed elementor-section-height-default elementor-section-height-default\" data-id=\"3cab7b6\" data-element_type=\"section\" data-e-type=\"section\">\n\t\t\t\t\t\t<div class=\"elementor-container elementor-column-gap-default\">\n\t\t\t\t\t<div class=\"elementor-column elementor-col-100 elementor-top-column elementor-element elementor-element-7e2d271\" data-id=\"7e2d271\" data-element_type=\"column\" data-e-type=\"column\">\n\t\t\t<div class=\"elementor-widget-wrap elementor-element-populated\">\n\t\t\t\t\t\t<div class=\"elementor-element elementor-element-77e1af6 elementor-widget elementor-widget-heading\" data-id=\"77e1af6\" data-element_type=\"widget\" data-e-type=\"widget\" data-widget_type=\"heading.default\">\n\t\t\t\t<div class=\"elementor-widget-container\">\n\t\t\t\t\t<h2 class=\"elementor-heading-title elementor-size-default\">S\u00e9ance Reiki Usui et Guidance - Adultes<\/h2>\t\t\t\t<\/div>\n\t\t\t\t<\/div>\n\t\t\t\t\t<\/div>\n\t\t<\/div>\n\t\t\t\t\t<\/div>\n\t\t<\/section>\n\t\t\t\t<section class=\"elementor-section elementor-top-section elementor-element elementor-element-4c65452 elementor-section-boxed elementor-section-height-default elementor-section-height-default\" data-id=\"4c65452\" data-element_type=\"section\" data-e-type=\"section\">\n\t\t\t\t\t\t<div class=\"elementor-container elementor-column-gap-default\">\n\t\t\t\t\t<div class=\"elementor-column elementor-col-100 elementor-top-column elementor-element elementor-element-86ae848\" data-id=\"86ae848\" data-element_type=\"column\" data-e-type=\"column\">\n\t\t\t<div class=\"elementor-widget-wrap elementor-element-populated\">\n\t\t\t\t\t\t<div class=\"elementor-element elementor-element-790092e elementor-widget elementor-widget-text-editor\" data-id=\"790092e\" data-element_type=\"widget\" data-e-type=\"widget\" data-widget_type=\"text-editor.default\">\n\t\t\t\t<div class=\"elementor-widget-container\">\n\t\t\t\t\t\t\t\t\t<p><b>Dur\u00e9e :<\/b> 1h30 environ<\/p><p><b>Tarif :<\/b> 60 \u20ac<\/p><p><b>Public :<\/b> Adultes<\/p><p>Cette s\u00e9ance est une invitation \u00e0 un retour \u00e0 soi, dans un espace de calme, d&rsquo;\u00e9coute et d&rsquo;alignement int\u00e9rieur.<\/p><p>La <strong>guidance avec l&rsquo;Oracle de la Triade<\/strong> permet de recevoir des messages, porteurs de sens, pour \u00e9clairer votre cheminement personnel et accompagner une p\u00e9riode de transition, permettant ainsi d&rsquo;introduire votre s\u00e9ance de Reiki.<\/p><p>Le Reiki Usui, m\u00e9thode \u00e9nerg\u00e9tique d&rsquo;origine japonaise, agit en douceur pour r\u00e9\u00e9quilibrer les \u00e9nergies, apaiser les tensions et soutenir les processus naturels de r\u00e9g\u00e9n\u00e9ration. Il favorise un \u00e9tat de relaxation profond, propice au recentrage et \u00e0 la lib\u00e9ration \u00e9motionnelle.\u00a0<\/p><p>Cette d\u00e9marche s&rsquo;inscrit dans une recherche de mieux-\u00eatre global et de connaissance de soi.\u00a0<\/p>\t\t\t\t\t\t\t\t<\/div>\n\t\t\t\t<\/div>\n\t\t\t\t\t<\/div>\n\t\t<\/div>\n\t\t\t\t\t<\/div>\n\t\t<\/section>\n\t\t\t\t<section class=\"elementor-section elementor-top-section elementor-element elementor-element-73fdb90 elementor-section-boxed elementor-section-height-default elementor-section-height-default\" data-id=\"73fdb90\" data-element_type=\"section\" data-e-type=\"section\">\n\t\t\t\t\t\t<div class=\"elementor-container elementor-column-gap-default\">\n\t\t\t\t\t<div class=\"elementor-column elementor-col-100 elementor-top-column elementor-element elementor-element-b49b59d\" data-id=\"b49b59d\" data-element_type=\"column\" data-e-type=\"column\">\n\t\t\t<div class=\"elementor-widget-wrap elementor-element-populated\">\n\t\t\t\t\t\t<div class=\"elementor-element elementor-element-2acd1e1 elementor-widget elementor-widget-heading\" data-id=\"2acd1e1\" data-element_type=\"widget\" data-e-type=\"widget\" data-widget_type=\"heading.default\">\n\t\t\t\t<div class=\"elementor-widget-container\">\n\t\t\t\t\t<h2 class=\"elementor-heading-title elementor-size-default\">S\u00e9ance Reiki Usui - Enfants<\/h2>\t\t\t\t<\/div>\n\t\t\t\t<\/div>\n\t\t\t\t\t<\/div>\n\t\t<\/div>\n\t\t\t\t\t<\/div>\n\t\t<\/section>\n\t\t\t\t<section class=\"elementor-section elementor-top-section elementor-element elementor-element-a40491d elementor-section-boxed elementor-section-height-default elementor-section-height-default\" data-id=\"a40491d\" data-element_type=\"section\" data-e-type=\"section\">\n\t\t\t\t\t\t<div class=\"elementor-container elementor-column-gap-default\">\n\t\t\t\t\t<div class=\"elementor-column elementor-col-100 elementor-top-column elementor-element elementor-element-75f84f8\" data-id=\"75f84f8\" data-element_type=\"column\" data-e-type=\"column\">\n\t\t\t<div class=\"elementor-widget-wrap elementor-element-populated\">\n\t\t\t\t\t\t<div class=\"elementor-element elementor-element-c2b073e elementor-widget elementor-widget-text-editor\" data-id=\"c2b073e\" data-element_type=\"widget\" data-e-type=\"widget\" data-widget_type=\"text-editor.default\">\n\t\t\t\t<div class=\"elementor-widget-container\">\n\t\t\t\t\t\t\t\t\t<p><b>Dur\u00e9e :<\/b> 1h<\/p><p><b>Tarif :<\/b> 40 \u20ac<\/p><p>Le Reiki Usui est une m\u00e9thode douce et bienveillante, parfaitement adapt\u00e9e aux enfants. Il les aide \u00e0 mieux vivre avec leurs \u00e9motions, \u00e0 apaiser leurs tensions int\u00e9rieurs et \u00e0 retrouver un \u00e9quilibre naturel dans leur propre vibration.<\/p><p>Cette s\u00e9ance offre un espace s\u00e9curisant, d&rsquo;\u00e9coute et de d\u00e9tente, o\u00f9 l&rsquo;enfant peut se recentrer, se rel\u00e2cher et simplement \u00eatre lui-m\u00eame. Le Reiki agit avec douceur, en respectant le rythme et la sensibilit\u00e9 de chaque enfant.<\/p>\t\t\t\t\t\t\t\t<\/div>\n\t\t\t\t<\/div>\n\t\t\t\t\t<\/div>\n\t\t<\/div>\n\t\t\t\t\t<\/div>\n\t\t<\/section>\n\t\t\t\t<section class=\"elementor-section elementor-top-section elementor-element elementor-element-d02fbdb elementor-section-boxed elementor-section-height-default elementor-section-height-default\" data-id=\"d02fbdb\" data-element_type=\"section\" data-e-type=\"section\">\n\t\t\t\t\t\t<div class=\"elementor-container elementor-column-gap-default\">\n\t\t\t\t\t<div class=\"elementor-column elementor-col-100 elementor-top-column elementor-element elementor-element-bbe65a1\" data-id=\"bbe65a1\" data-element_type=\"column\" data-e-type=\"column\">\n\t\t\t<div class=\"elementor-widget-wrap elementor-element-populated\">\n\t\t\t\t\t\t<div class=\"elementor-element elementor-element-9f93aee elementor-widget elementor-widget-heading\" data-id=\"9f93aee\" data-element_type=\"widget\" data-e-type=\"widget\" data-widget_type=\"heading.default\">\n\t\t\t\t<div class=\"elementor-widget-container\">\n\t\t\t\t\t<h2 class=\"elementor-heading-title elementor-size-default\">Accompagnement Reiki Usui - soutien \u00e9nerg\u00e9tique compl\u00e9mentaire<\/h2>\t\t\t\t<\/div>\n\t\t\t\t<\/div>\n\t\t\t\t\t<\/div>\n\t\t<\/div>\n\t\t\t\t\t<\/div>\n\t\t<\/section>\n\t\t\t\t<section class=\"elementor-section elementor-top-section elementor-element elementor-element-0547c63 elementor-section-boxed elementor-section-height-default elementor-section-height-default\" data-id=\"0547c63\" data-element_type=\"section\" data-e-type=\"section\">\n\t\t\t\t\t\t<div class=\"elementor-container elementor-column-gap-default\">\n\t\t\t\t\t<div class=\"elementor-column elementor-col-100 elementor-top-column elementor-element elementor-element-8d3479d\" data-id=\"8d3479d\" data-element_type=\"column\" data-e-type=\"column\">\n\t\t\t<div class=\"elementor-widget-wrap elementor-element-populated\">\n\t\t\t\t\t\t<div class=\"elementor-element elementor-element-6279b58 elementor-widget elementor-widget-text-editor\" data-id=\"6279b58\" data-element_type=\"widget\" data-e-type=\"widget\" data-widget_type=\"text-editor.default\">\n\t\t\t\t<div class=\"elementor-widget-container\">\n\t\t\t\t\t\t\t\t\t<p><strong>Un accompagnement Reiki Usui orient\u00e9 bien-\u00eatre, en compl\u00e9ment d&rsquo;un suivi m\u00e9dical<\/strong><\/p><p>Je propose un accompagnement Reiki Usui destin\u00e9 aux personnes souhaitant \u00eatre soutenues sur le plan \u00e9nerg\u00e9tique et \u00e9motionnel, notamment lorsqu&rsquo;elles traversent une p\u00e9riode marqu\u00e9e par une douleur, une fatigue, un stress important ou une probl\u00e9matique de sant\u00e9 d\u00e9j\u00e0 suivie m\u00e9dicalement.<\/p><p>Le Reiki Usui est une <strong>pratique \u00e9nerg\u00e9tique de bien-\u00eatre<\/strong> qui vise \u00e0 favoriser la d\u00e9tente, l&rsquo;apaisement et l&rsquo;harmonisation globale de la personne. Il s&rsquo;inscrit ici <strong>uniquement comme un compl\u00e9ment<\/strong> \u00e0 un suivi m\u00e9dical existant, et ne se substitue en aucun cas\u00a0 \u00e0 un avis, diagnostic ou un traitement m\u00e9dical.<\/p><p><strong>Pour qui ?<\/strong><\/p><p>Cet accompagnement s&rsquo;adresse aux personnes :<\/p><p>&#8211; souffrant de douleurs ou de tensions d\u00e9j\u00e0 prises en charge m\u00e9dicalement<\/p><p>&#8211; vivant une p\u00e9riode de stress, d&rsquo;\u00e9puisement ou de surcharge \u00e9motionnelle,<\/p><p>&#8211; souhaitant soutenir leur bien-\u00eatre global pendant un parcours de soins,<\/p><p>&#8211; recherchant un espace d&rsquo;\u00e9coute, de d\u00e9tente et de recentrage.<\/p><p><strong>D\u00e9roulement d&rsquo;une s\u00e9ance<\/strong><\/p><p>Chaque s\u00e9ance se d\u00e9roule dans un cadre bienveillant, respectueux et s\u00e9curisant :<\/p><p>&#8211; Temps d&rsquo;accueil et d&rsquo;\u00e9change pour comprendre tes besoins<\/p><p>&#8211; S\u00e9ance de Reiki Usui par apposition des mains<\/p><p>&#8211; Temps d&rsquo;\u00e9change en fin de s\u00e9ance si tu le souhaites<\/p><p>La dur\u00e9e d&rsquo;une s\u00e9ance est d&rsquo;environ <strong>30 \u00e0 45 minutes.<\/strong><\/p><p><strong>Un accompagnement progressif et accessible<\/strong><\/p><p>Le Reiki Usui agit dans la dur\u00e9e. Selon ta situation, plusieurs s\u00e9ances peuvent \u00eatre propos\u00e9es afin de soutenir ton bien-\u00eatre de mani\u00e8re r\u00e9guli\u00e8re, en lien avec ton suivi m\u00e9dical.<\/p><p><strong>Tarif : 20 \u20ac par s\u00e9ance<\/strong><\/p><p>Ce tarif volontairement accessible permet d&rsquo;envisager un accompagnement sur plusieurs s\u00e9ances si n\u00e9cessaire.<\/p>\t\t\t\t\t\t\t\t<\/div>\n\t\t\t\t<\/div>\n\t\t\t\t\t<\/div>\n\t\t<\/div>\n\t\t\t\t\t<\/div>\n\t\t<\/section>\n\t\t\t\t<section class=\"elementor-section elementor-top-section elementor-element elementor-element-4c7d9d1 elementor-section-boxed elementor-section-height-default elementor-section-height-default\" data-id=\"4c7d9d1\" data-element_type=\"section\" data-e-type=\"section\">\n\t\t\t\t\t\t<div class=\"elementor-container elementor-column-gap-default\">\n\t\t\t\t\t<div class=\"elementor-column elementor-col-100 elementor-top-column elementor-element elementor-element-8cf71ee\" data-id=\"8cf71ee\" data-element_type=\"column\" data-e-type=\"column\">\n\t\t\t<div class=\"elementor-widget-wrap elementor-element-populated\">\n\t\t\t\t\t\t<div class=\"elementor-element elementor-element-f88876a elementor-widget elementor-widget-text-editor\" data-id=\"f88876a\" data-element_type=\"widget\" data-e-type=\"widget\" data-widget_type=\"text-editor.default\">\n\t\t\t\t<div class=\"elementor-widget-container\">\n\t\t\t\t\t\t\t\t\t<p>Le Reiki Usui est une pratique \u00e9nerg\u00e9tique d&rsquo;origine japonaise qui vise \u00e0 favoriser la d\u00e9tente, le bien-\u00eatre et la reconnexion \u00e0 soi.<\/p><p>Cette pratique ne rel\u00e8ve ni de la m\u00e9decine, ni de la kin\u00e9sith\u00e9rapie, ni de toute autre discipline param\u00e9dicale.<\/p><p>Elle n&rsquo;a pas pour but d&rsquo;\u00e9tablir un diagnostic, de modifier un traitement m\u00e9dical ou de se substituer \u00e0 un avis m\u00e9dical.<\/p><p>Le Reiki n&rsquo;est pas un acte m\u00e9dical, mais un accompagnement compl\u00e9mentaire de bien-\u00eatre, qui peut s&rsquo;int\u00e9grer dans une d\u00e9marche personnelle ou spirituelle.<\/p><p>Le Reiki peut \u00eatre pratiqu\u00e9 en compl\u00e9ment d&rsquo;un suivi m\u00e9dical, mais ne le remplace en aucun cas.<\/p><p>Pour toute probl\u00e9matique de sant\u00e9, merci de consulter un professionnel de sant\u00e9.<\/p>\t\t\t\t\t\t\t\t<\/div>\n\t\t\t\t<\/div>\n\t\t\t\t\t<\/div>\n\t\t<\/div>\n\t\t\t\t\t<\/div>\n\t\t<\/section>\n\t\t\t\t<\/div>\n\t\t","protected":false},"excerpt":{"rendered":"<p>Accompagnement Reiki Usui \u00e0 Abbaretz &#8211; S\u00e9ances \u00e9nerg\u00e9tiques pour adultes et enfants Introduction Le Reiki Usui est une m\u00e9thode \u00e9nerg\u00e9tique japonaise qui favorise l&rsquo;apaisement, la d\u00e9tente et l&rsquo;harmonisation globale. A &hellip; <\/p>\n","protected":false},"author":1,"featured_media":0,"parent":0,"menu_order":0,"comment_status":"closed","ping_status":"closed","template":"","meta":{"footnotes":""},"class_list":["post-1659","page","type-page","status-publish","hentry"],"yoast_head":"<!-- This site is optimized with the Yoast SEO plugin v27.4 - https:\/\/yoast.com\/product\/yoast-seo-wordpress\/ -->\n<title>Accompagnement Reiki Usui \u00e0 Abbaretz, s\u00e9ance adulte et enfant<\/title>\n<meta name=\"description\" content=\"S\u00e9ances de Reiki Usui \u00e0 Abbaretz : guidance intuitive, accompagnement \u00e9nerg\u00e9tique, s\u00e9ances pour adultes et enfants.\" \/>\n<meta name=\"robots\" content=\"index, follow, max-snippet:-1, max-image-preview:large, max-video-preview:-1\" \/>\n<link rel=\"canonical\" href=\"https:\/\/erwanforgeau.fr\/index.php\/accompagnement-reiki\/\" \/>\n<meta property=\"og:locale\" content=\"fr_FR\" \/>\n<meta property=\"og:type\" content=\"article\" \/>\n<meta property=\"og:title\" content=\"Accompagnement Reiki Usui \u00e0 Abbaretz, s\u00e9ance adulte et enfant\" \/>\n<meta property=\"og:description\" content=\"S\u00e9ances de Reiki Usui \u00e0 Abbaretz : guidance intuitive, accompagnement \u00e9nerg\u00e9tique, s\u00e9ances pour adultes et enfants.\" \/>\n<meta property=\"og:url\" content=\"https:\/\/erwanforgeau.fr\/index.php\/accompagnement-reiki\/\" \/>\n<meta property=\"og:site_name\" content=\"Erwan Forgeau\" \/>\n<meta property=\"article:publisher\" content=\"https:\/\/www.facebook.com\/profile.php?id=100095511608759\" \/>\n<meta property=\"article:modified_time\" content=\"2026-04-19T19:32:59+00:00\" \/>\n<meta name=\"twitter:card\" content=\"summary_large_image\" \/>\n<meta name=\"twitter:label1\" content=\"Dur\u00e9e de lecture estim\u00e9e\" \/>\n\t<meta name=\"twitter:data1\" content=\"4 minutes\" \/>\n<script type=\"application\/ld+json\" class=\"yoast-schema-graph\">{\"@context\":\"https:\\\/\\\/schema.org\",\"@graph\":[{\"@type\":\"WebPage\",\"@id\":\"https:\\\/\\\/erwanforgeau.fr\\\/index.php\\\/accompagnement-reiki\\\/\",\"url\":\"https:\\\/\\\/erwanforgeau.fr\\\/index.php\\\/accompagnement-reiki\\\/\",\"name\":\"Accompagnement Reiki Usui \u00e0 Abbaretz, s\u00e9ance adulte et enfant\",\"isPartOf\":{\"@id\":\"https:\\\/\\\/erwanforgeau.fr\\\/#website\"},\"datePublished\":\"2025-09-05T16:29:21+00:00\",\"dateModified\":\"2026-04-19T19:32:59+00:00\",\"description\":\"S\u00e9ances de Reiki Usui \u00e0 Abbaretz : guidance intuitive, accompagnement \u00e9nerg\u00e9tique, s\u00e9ances pour adultes et enfants.\",\"breadcrumb\":{\"@id\":\"https:\\\/\\\/erwanforgeau.fr\\\/index.php\\\/accompagnement-reiki\\\/#breadcrumb\"},\"inLanguage\":\"fr-FR\",\"potentialAction\":[{\"@type\":\"ReadAction\",\"target\":[\"https:\\\/\\\/erwanforgeau.fr\\\/index.php\\\/accompagnement-reiki\\\/\"]}]},{\"@type\":\"BreadcrumbList\",\"@id\":\"https:\\\/\\\/erwanforgeau.fr\\\/index.php\\\/accompagnement-reiki\\\/#breadcrumb\",\"itemListElement\":[{\"@type\":\"ListItem\",\"position\":1,\"name\":\"Accueil\",\"item\":\"https:\\\/\\\/erwanforgeau.fr\\\/\"},{\"@type\":\"ListItem\",\"position\":2,\"name\":\"Accompagnement Reiki\"}]},{\"@type\":\"WebSite\",\"@id\":\"https:\\\/\\\/erwanforgeau.fr\\\/#website\",\"url\":\"https:\\\/\\\/erwanforgeau.fr\\\/\",\"name\":\"erwan, forgeau, maitre, reiki, usui, soins energetiques, 44, nantes, abbaretz, nort sur erdre\",\"description\":\"Ma\u00eetre Reiki Usui\",\"publisher\":{\"@id\":\"https:\\\/\\\/erwanforgeau.fr\\\/#organization\"},\"alternateName\":\"energie, energetique, soins, bien etre, meditation, maitre, spirituel, spiritualite\",\"potentialAction\":[{\"@type\":\"SearchAction\",\"target\":{\"@type\":\"EntryPoint\",\"urlTemplate\":\"https:\\\/\\\/erwanforgeau.fr\\\/?s={search_term_string}\"},\"query-input\":{\"@type\":\"PropertyValueSpecification\",\"valueRequired\":true,\"valueName\":\"search_term_string\"}}],\"inLanguage\":\"fr-FR\"},{\"@type\":\"Organization\",\"@id\":\"https:\\\/\\\/erwanforgeau.fr\\\/#organization\",\"name\":\"Erwan Forgeau, spiritualite, spirituel, soins \u00e9nerg\u00e9tiques, energie, bien \u00eatre\",\"alternateName\":\"erwan, forgeau, maitre, reiki, usui, nantes, abbaretz, 44, bien etre\",\"url\":\"https:\\\/\\\/erwanforgeau.fr\\\/\",\"logo\":{\"@type\":\"ImageObject\",\"inLanguage\":\"fr-FR\",\"@id\":\"https:\\\/\\\/erwanforgeau.fr\\\/#\\\/schema\\\/logo\\\/image\\\/\",\"url\":\"https:\\\/\\\/erwanforgeau.fr\\\/wp-content\\\/uploads\\\/2024\\\/07\\\/cropped-certification-1705088_960_720-e1720355707362.png\",\"contentUrl\":\"https:\\\/\\\/erwanforgeau.fr\\\/wp-content\\\/uploads\\\/2024\\\/07\\\/cropped-certification-1705088_960_720-e1720355707362.png\",\"width\":100,\"height\":95,\"caption\":\"Erwan Forgeau, spiritualite, spirituel, soins \u00e9nerg\u00e9tiques, energie, bien \u00eatre\"},\"image\":{\"@id\":\"https:\\\/\\\/erwanforgeau.fr\\\/#\\\/schema\\\/logo\\\/image\\\/\"},\"sameAs\":[\"https:\\\/\\\/www.facebook.com\\\/profile.php?id=100095511608759\"]}]}<\/script>\n<!-- \/ Yoast SEO plugin. -->","yoast_head_json":{"title":"Accompagnement Reiki Usui \u00e0 Abbaretz, s\u00e9ance adulte et enfant","description":"S\u00e9ances de Reiki Usui \u00e0 Abbaretz : guidance intuitive, accompagnement \u00e9nerg\u00e9tique, s\u00e9ances pour adultes et enfants.","robots":{"index":"index","follow":"follow","max-snippet":"max-snippet:-1","max-image-preview":"max-image-preview:large","max-video-preview":"max-video-preview:-1"},"canonical":"https:\/\/erwanforgeau.fr\/index.php\/accompagnement-reiki\/","og_locale":"fr_FR","og_type":"article","og_title":"Accompagnement Reiki Usui \u00e0 Abbaretz, s\u00e9ance adulte et enfant","og_description":"S\u00e9ances de Reiki Usui \u00e0 Abbaretz : guidance intuitive, accompagnement \u00e9nerg\u00e9tique, s\u00e9ances pour adultes et enfants.","og_url":"https:\/\/erwanforgeau.fr\/index.php\/accompagnement-reiki\/","og_site_name":"Erwan Forgeau","article_publisher":"https:\/\/www.facebook.com\/profile.php?id=100095511608759","article_modified_time":"2026-04-19T19:32:59+00:00","twitter_card":"summary_large_image","twitter_misc":{"Dur\u00e9e de lecture estim\u00e9e":"4 minutes"},"schema":{"@context":"https:\/\/schema.org","@graph":[{"@type":"WebPage","@id":"https:\/\/erwanforgeau.fr\/index.php\/accompagnement-reiki\/","url":"https:\/\/erwanforgeau.fr\/index.php\/accompagnement-reiki\/","name":"Accompagnement Reiki Usui \u00e0 Abbaretz, s\u00e9ance adulte et enfant","isPartOf":{"@id":"https:\/\/erwanforgeau.fr\/#website"},"datePublished":"2025-09-05T16:29:21+00:00","dateModified":"2026-04-19T19:32:59+00:00","description":"S\u00e9ances de Reiki Usui \u00e0 Abbaretz : guidance intuitive, accompagnement \u00e9nerg\u00e9tique, s\u00e9ances pour adultes et enfants.","breadcrumb":{"@id":"https:\/\/erwanforgeau.fr\/index.php\/accompagnement-reiki\/#breadcrumb"},"inLanguage":"fr-FR","potentialAction":[{"@type":"ReadAction","target":["https:\/\/erwanforgeau.fr\/index.php\/accompagnement-reiki\/"]}]},{"@type":"BreadcrumbList","@id":"https:\/\/erwanforgeau.fr\/index.php\/accompagnement-reiki\/#breadcrumb","itemListElement":[{"@type":"ListItem","position":1,"name":"Accueil","item":"https:\/\/erwanforgeau.fr\/"},{"@type":"ListItem","position":2,"name":"Accompagnement Reiki"}]},{"@type":"WebSite","@id":"https:\/\/erwanforgeau.fr\/#website","url":"https:\/\/erwanforgeau.fr\/","name":"erwan, forgeau, maitre, reiki, usui, soins energetiques, 44, nantes, abbaretz, nort sur erdre","description":"Ma\u00eetre Reiki Usui","publisher":{"@id":"https:\/\/erwanforgeau.fr\/#organization"},"alternateName":"energie, energetique, soins, bien etre, meditation, maitre, spirituel, spiritualite","potentialAction":[{"@type":"SearchAction","target":{"@type":"EntryPoint","urlTemplate":"https:\/\/erwanforgeau.fr\/?s={search_term_string}"},"query-input":{"@type":"PropertyValueSpecification","valueRequired":true,"valueName":"search_term_string"}}],"inLanguage":"fr-FR"},{"@type":"Organization","@id":"https:\/\/erwanforgeau.fr\/#organization","name":"Erwan Forgeau, spiritualite, spirituel, soins \u00e9nerg\u00e9tiques, energie, bien \u00eatre","alternateName":"erwan, forgeau, maitre, reiki, usui, nantes, abbaretz, 44, bien etre","url":"https:\/\/erwanforgeau.fr\/","logo":{"@type":"ImageObject","inLanguage":"fr-FR","@id":"https:\/\/erwanforgeau.fr\/#\/schema\/logo\/image\/","url":"https:\/\/erwanforgeau.fr\/wp-content\/uploads\/2024\/07\/cropped-certification-1705088_960_720-e1720355707362.png","contentUrl":"https:\/\/erwanforgeau.fr\/wp-content\/uploads\/2024\/07\/cropped-certification-1705088_960_720-e1720355707362.png","width":100,"height":95,"caption":"Erwan Forgeau, spiritualite, spirituel, soins \u00e9nerg\u00e9tiques, energie, bien \u00eatre"},"image":{"@id":"https:\/\/erwanforgeau.fr\/#\/schema\/logo\/image\/"},"sameAs":["https:\/\/www.facebook.com\/profile.php?id=100095511608759"]}]}},"_links":{"self":[{"href":"https:\/\/erwanforgeau.fr\/index.php\/wp-json\/wp\/v2\/pages\/1659","targetHints":{"allow":["GET"]}}],"collection":[{"href":"https:\/\/erwanforgeau.fr\/index.php\/wp-json\/wp\/v2\/pages"}],"about":[{"href":"https:\/\/erwanforgeau.fr\/index.php\/wp-json\/wp\/v2\/types\/page"}],"author":[{"embeddable":true,"href":"https:\/\/erwanforgeau.fr\/index.php\/wp-json\/wp\/v2\/users\/1"}],"replies":[{"embeddable":true,"href":"https:\/\/erwanforgeau.fr\/index.php\/wp-json\/wp\/v2\/comments?post=1659"}],"version-history":[{"count":52,"href":"https:\/\/erwanforgeau.fr\/index.php\/wp-json\/wp\/v2\/pages\/1659\/revisions"}],"predecessor-version":[{"id":2312,"href":"https:\/\/erwanforgeau.fr\/index.php\/wp-json\/wp\/v2\/pages\/1659\/revisions\/2312"}],"wp:attachment":[{"href":"https:\/\/erwanforgeau.fr\/index.php\/wp-json\/wp\/v2\/media?parent=1659"}],"curies":[{"name":"wp","href":"https:\/\/api.w.org\/{rel}","templated":true}]}}