{"id":1967,"date":"2026-01-18T20:15:23","date_gmt":"2026-01-18T19:15:23","guid":{"rendered":"https:\/\/erwanforgeau.fr\/?page_id=1967"},"modified":"2026-04-19T22:37:18","modified_gmt":"2026-04-19T20:37:18","slug":"ma-lignee-reiki-usui","status":"publish","type":"page","link":"https:\/\/erwanforgeau.fr\/index.php\/ma-lignee-reiki-usui\/","title":{"rendered":"Ma Lign\u00e9e Reiki Usui"},"content":{"rendered":"\t\t<div data-elementor-type=\"wp-page\" data-elementor-id=\"1967\" class=\"elementor elementor-1967\">\n\t\t\t\t\t\t<section class=\"elementor-section elementor-top-section elementor-element elementor-element-0740a5b elementor-section-boxed elementor-section-height-default elementor-section-height-default\" data-id=\"0740a5b\" data-element_type=\"section\" data-e-type=\"section\">\n\t\t\t\t\t\t<div class=\"elementor-container elementor-column-gap-default\">\n\t\t\t\t\t<div class=\"elementor-column elementor-col-100 elementor-top-column elementor-element elementor-element-c41ce35\" data-id=\"c41ce35\" data-element_type=\"column\" data-e-type=\"column\">\n\t\t\t<div class=\"elementor-widget-wrap elementor-element-populated\">\n\t\t\t\t\t\t<div class=\"elementor-element elementor-element-e22440a elementor-widget elementor-widget-heading\" data-id=\"e22440a\" data-element_type=\"widget\" data-e-type=\"widget\" data-widget_type=\"heading.default\">\n\t\t\t\t<div class=\"elementor-widget-container\">\n\t\t\t\t\t<h1 class=\"elementor-heading-title elementor-size-default\">Ma Lign\u00e9e Reiki Usui <\/h1>\t\t\t\t<\/div>\n\t\t\t\t<\/div>\n\t\t\t\t\t<\/div>\n\t\t<\/div>\n\t\t\t\t\t<\/div>\n\t\t<\/section>\n\t\t\t\t<section class=\"elementor-section elementor-top-section elementor-element elementor-element-3cea718 elementor-section-boxed elementor-section-height-default elementor-section-height-default\" data-id=\"3cea718\" data-element_type=\"section\" data-e-type=\"section\">\n\t\t\t\t\t\t<div class=\"elementor-container elementor-column-gap-default\">\n\t\t\t\t\t<div class=\"elementor-column elementor-col-100 elementor-top-column elementor-element elementor-element-639ad2e\" data-id=\"639ad2e\" data-element_type=\"column\" data-e-type=\"column\">\n\t\t\t<div class=\"elementor-widget-wrap elementor-element-populated\">\n\t\t\t\t\t\t<div class=\"elementor-element elementor-element-6bdb5ca elementor-widget elementor-widget-heading\" data-id=\"6bdb5ca\" data-element_type=\"widget\" data-e-type=\"widget\" data-widget_type=\"heading.default\">\n\t\t\t\t<div class=\"elementor-widget-container\">\n\t\t\t\t\t<h2 class=\"elementor-heading-title elementor-size-default\">Qu'est ce qu'une lign\u00e9e ?<\/h2>\t\t\t\t<\/div>\n\t\t\t\t<\/div>\n\t\t\t\t\t<\/div>\n\t\t<\/div>\n\t\t\t\t\t<\/div>\n\t\t<\/section>\n\t\t\t\t<section class=\"elementor-section elementor-top-section elementor-element elementor-element-8b0d23f elementor-section-boxed elementor-section-height-default elementor-section-height-default\" data-id=\"8b0d23f\" data-element_type=\"section\" data-e-type=\"section\">\n\t\t\t\t\t\t<div class=\"elementor-container elementor-column-gap-default\">\n\t\t\t\t\t<div class=\"elementor-column elementor-col-100 elementor-top-column elementor-element elementor-element-fb402cc\" data-id=\"fb402cc\" data-element_type=\"column\" data-e-type=\"column\">\n\t\t\t<div class=\"elementor-widget-wrap elementor-element-populated\">\n\t\t\t\t\t\t<div class=\"elementor-element elementor-element-d2e1e80 elementor-widget elementor-widget-text-editor\" data-id=\"d2e1e80\" data-element_type=\"widget\" data-e-type=\"widget\" data-widget_type=\"text-editor.default\">\n\t\t\t\t<div class=\"elementor-widget-container\">\n\t\t\t\t\t\t\t\t\t<p>La lign\u00e9e Reiki Usui repr\u00e9sente la cha\u00eene de transmission directe entre les ma\u00eetres enseignants, depuis Mikao Usui jusqu&rsquo;au praticien actuel. Elle garantit l&rsquo;authenticit\u00e9 de l&rsquo;enseignement re\u00e7u et la fid\u00e9lit\u00e9 aux principes du Reiki traditionnel. Conna\u00eetre la lign\u00e9e d&rsquo;un praticien permet de situer son parcours, la qualit\u00e9 de sa <a href=\"https:\/\/erwanforgeau.fr\/index.php\/formations-reiki-usui\/\">formation<\/a> et la profondeur de son engagement dans la pratique.<\/p>\t\t\t\t\t\t\t\t<\/div>\n\t\t\t\t<\/div>\n\t\t\t\t\t<\/div>\n\t\t<\/div>\n\t\t\t\t\t<\/div>\n\t\t<\/section>\n\t\t\t\t<section class=\"elementor-section elementor-top-section elementor-element elementor-element-2a83831 elementor-section-boxed elementor-section-height-default elementor-section-height-default\" data-id=\"2a83831\" data-element_type=\"section\" data-e-type=\"section\">\n\t\t\t\t\t\t<div class=\"elementor-container elementor-column-gap-default\">\n\t\t\t\t\t<div class=\"elementor-column elementor-col-100 elementor-top-column elementor-element elementor-element-d54d700\" data-id=\"d54d700\" data-element_type=\"column\" data-e-type=\"column\">\n\t\t\t<div class=\"elementor-widget-wrap elementor-element-populated\">\n\t\t\t\t\t\t<div class=\"elementor-element elementor-element-3fa909e elementor-widget elementor-widget-image\" data-id=\"3fa909e\" data-element_type=\"widget\" data-e-type=\"widget\" data-widget_type=\"image.default\">\n\t\t\t\t<div class=\"elementor-widget-container\">\n\t\t\t\t\t\t\t\t\t\t\t\t\t\t\t<img fetchpriority=\"high\" decoding=\"async\" width=\"724\" height=\"1024\" src=\"https:\/\/erwanforgeau.fr\/wp-content\/uploads\/2026\/01\/Lignee-Reiki-724x1024.png\" class=\"attachment-large size-large wp-image-1969\" alt=\"\" srcset=\"https:\/\/erwanforgeau.fr\/wp-content\/uploads\/2026\/01\/Lignee-Reiki-724x1024.png 724w, https:\/\/erwanforgeau.fr\/wp-content\/uploads\/2026\/01\/Lignee-Reiki-212x300.png 212w, https:\/\/erwanforgeau.fr\/wp-content\/uploads\/2026\/01\/Lignee-Reiki-768x1086.png 768w, https:\/\/erwanforgeau.fr\/wp-content\/uploads\/2026\/01\/Lignee-Reiki-1086x1536.png 1086w, https:\/\/erwanforgeau.fr\/wp-content\/uploads\/2026\/01\/Lignee-Reiki-1448x2048.png 1448w, https:\/\/erwanforgeau.fr\/wp-content\/uploads\/2026\/01\/Lignee-Reiki.png 1587w\" sizes=\"(max-width: 724px) 100vw, 724px\" \/>\t\t\t\t\t\t\t\t\t\t\t\t\t\t\t<\/div>\n\t\t\t\t<\/div>\n\t\t\t\t\t<\/div>\n\t\t<\/div>\n\t\t\t\t\t<\/div>\n\t\t<\/section>\n\t\t\t\t<section class=\"elementor-section elementor-top-section elementor-element elementor-element-b56ff81 elementor-section-boxed elementor-section-height-default elementor-section-height-default\" data-id=\"b56ff81\" data-element_type=\"section\" data-e-type=\"section\">\n\t\t\t\t\t\t<div class=\"elementor-container elementor-column-gap-default\">\n\t\t\t\t\t<div class=\"elementor-column elementor-col-100 elementor-top-column elementor-element elementor-element-4937539\" data-id=\"4937539\" data-element_type=\"column\" data-e-type=\"column\">\n\t\t\t<div class=\"elementor-widget-wrap elementor-element-populated\">\n\t\t\t\t\t\t<div class=\"elementor-element elementor-element-6c62b91 elementor-widget elementor-widget-heading\" data-id=\"6c62b91\" data-element_type=\"widget\" data-e-type=\"widget\" data-widget_type=\"heading.default\">\n\t\t\t\t<div class=\"elementor-widget-container\">\n\t\t\t\t\t<h2 class=\"elementor-heading-title elementor-size-default\">Pourquoi la lign\u00e9e est importante en Reiki ?<\/h2>\t\t\t\t<\/div>\n\t\t\t\t<\/div>\n\t\t\t\t\t<\/div>\n\t\t<\/div>\n\t\t\t\t\t<\/div>\n\t\t<\/section>\n\t\t\t\t<section class=\"elementor-section elementor-top-section elementor-element elementor-element-6f6e656 elementor-section-boxed elementor-section-height-default elementor-section-height-default\" data-id=\"6f6e656\" data-element_type=\"section\" data-e-type=\"section\">\n\t\t\t\t\t\t<div class=\"elementor-container elementor-column-gap-default\">\n\t\t\t\t\t<div class=\"elementor-column elementor-col-100 elementor-top-column elementor-element elementor-element-45bdba5\" data-id=\"45bdba5\" data-element_type=\"column\" data-e-type=\"column\">\n\t\t\t<div class=\"elementor-widget-wrap elementor-element-populated\">\n\t\t\t\t\t\t<div class=\"elementor-element elementor-element-f48eb58 elementor-widget elementor-widget-text-editor\" data-id=\"f48eb58\" data-element_type=\"widget\" data-e-type=\"widget\" data-widget_type=\"text-editor.default\">\n\t\t\t\t<div class=\"elementor-widget-container\">\n\t\t\t\t\t\t\t\t\t<p>En Reiki Usui, la lign\u00e9e est un \u00e9l\u00e9ment fondamental.<\/p><p>Elle t\u00e9moigne :<\/p><ul><li>de la continuit\u00e9 de l&rsquo;enseignement<\/li><li>du respect des valeurs et des pratiques traditionnelles<\/li><li>de la qualit\u00e9 de la transmission re\u00e7ue<\/li><li>de l&rsquo;ancrage du praticien dans une pratique authentique<\/li><\/ul><p>Pour les personnes qui souhaitent recevoir une s\u00e9ance ou suivre une formation, la lign\u00e9e est un rep\u00e8re fiable et transparent.<\/p>\t\t\t\t\t\t\t\t<\/div>\n\t\t\t\t<\/div>\n\t\t\t\t\t<\/div>\n\t\t<\/div>\n\t\t\t\t\t<\/div>\n\t\t<\/section>\n\t\t\t\t<section class=\"elementor-section elementor-top-section elementor-element elementor-element-1222a81 elementor-section-boxed elementor-section-height-default elementor-section-height-default\" data-id=\"1222a81\" data-element_type=\"section\" data-e-type=\"section\">\n\t\t\t\t\t\t<div class=\"elementor-container elementor-column-gap-default\">\n\t\t\t\t\t<div class=\"elementor-column elementor-col-100 elementor-top-column elementor-element elementor-element-f687ad0\" data-id=\"f687ad0\" data-element_type=\"column\" data-e-type=\"column\">\n\t\t\t<div class=\"elementor-widget-wrap elementor-element-populated\">\n\t\t\t\t\t\t<div class=\"elementor-element elementor-element-446019d elementor-widget elementor-widget-heading\" data-id=\"446019d\" data-element_type=\"widget\" data-e-type=\"widget\" data-widget_type=\"heading.default\">\n\t\t\t\t<div class=\"elementor-widget-container\">\n\t\t\t\t\t<h2 class=\"elementor-heading-title elementor-size-default\">Une transmission authentique et respectueuse<\/h2>\t\t\t\t<\/div>\n\t\t\t\t<\/div>\n\t\t\t\t\t<\/div>\n\t\t<\/div>\n\t\t\t\t\t<\/div>\n\t\t<\/section>\n\t\t\t\t<section class=\"elementor-section elementor-top-section elementor-element elementor-element-c7fbcf2 elementor-section-boxed elementor-section-height-default elementor-section-height-default\" data-id=\"c7fbcf2\" data-element_type=\"section\" data-e-type=\"section\">\n\t\t\t\t\t\t<div class=\"elementor-container elementor-column-gap-default\">\n\t\t\t\t\t<div class=\"elementor-column elementor-col-100 elementor-top-column elementor-element elementor-element-280815b\" data-id=\"280815b\" data-element_type=\"column\" data-e-type=\"column\">\n\t\t\t<div class=\"elementor-widget-wrap elementor-element-populated\">\n\t\t\t\t\t\t<div class=\"elementor-element elementor-element-a842806 elementor-widget elementor-widget-text-editor\" data-id=\"a842806\" data-element_type=\"widget\" data-e-type=\"widget\" data-widget_type=\"text-editor.default\">\n\t\t\t\t<div class=\"elementor-widget-container\">\n\t\t\t\t\t\t\t\t\t<p>Chaque ma\u00eetre Reiki transmet bien plus qu&rsquo;une technique : il transmet une mani\u00e8re d&rsquo;\u00eatre, une pr\u00e9sence, une \u00e9thique et une compr\u00e9hension profonde de l&rsquo;\u00e9nergie. Ma lign\u00e9e refl\u00e8te mon <a href=\"https:\/\/erwanforgeau.fr\/index.php\/presentation\/\">engagement<\/a> \u00e0 pratiquer et enseigner un <a href=\"https:\/\/erwanforgeau.fr\/index.php\/quest-ce-que-le-reiki\/\">Reiki<\/a> respectueux et bienveillant.<\/p>\t\t\t\t\t\t\t\t<\/div>\n\t\t\t\t<\/div>\n\t\t\t\t\t<\/div>\n\t\t<\/div>\n\t\t\t\t\t<\/div>\n\t\t<\/section>\n\t\t\t\t<\/div>\n\t\t","protected":false},"excerpt":{"rendered":"<p>Ma Lign\u00e9e Reiki Usui Qu&rsquo;est ce qu&rsquo;une lign\u00e9e ? La lign\u00e9e Reiki Usui repr\u00e9sente la cha\u00eene de transmission directe entre les ma\u00eetres enseignants, depuis Mikao Usui jusqu&rsquo;au praticien actuel. Elle &hellip; <\/p>\n","protected":false},"author":1,"featured_media":0,"parent":0,"menu_order":0,"comment_status":"closed","ping_status":"closed","template":"","meta":{"footnotes":""},"class_list":["post-1967","page","type-page","status-publish","hentry"],"yoast_head":"<!-- This site is optimized with the Yoast SEO plugin v27.4 - https:\/\/yoast.com\/product\/yoast-seo-wordpress\/ -->\n<title>Ma lign\u00e9e Reiki Usui<\/title>\n<meta name=\"description\" content=\"D\u00e9couvrez ma lign\u00e9e Reiki Usui. Un rep\u00e8re essentiel pour comprendre la qualit\u00e9 et la profondeur de ma pratique.\" \/>\n<meta name=\"robots\" content=\"index, follow, max-snippet:-1, max-image-preview:large, max-video-preview:-1\" \/>\n<link rel=\"canonical\" href=\"https:\/\/erwanforgeau.fr\/index.php\/ma-lignee-reiki-usui\/\" \/>\n<meta property=\"og:locale\" content=\"fr_FR\" \/>\n<meta property=\"og:type\" content=\"article\" \/>\n<meta property=\"og:title\" content=\"Ma lign\u00e9e Reiki Usui\" \/>\n<meta property=\"og:description\" content=\"D\u00e9couvrez ma lign\u00e9e Reiki Usui. Un rep\u00e8re essentiel pour comprendre la qualit\u00e9 et la profondeur de ma pratique.\" \/>\n<meta property=\"og:url\" content=\"https:\/\/erwanforgeau.fr\/index.php\/ma-lignee-reiki-usui\/\" \/>\n<meta property=\"og:site_name\" content=\"Erwan Forgeau\" \/>\n<meta property=\"article:publisher\" content=\"https:\/\/www.facebook.com\/profile.php?id=100095511608759\" \/>\n<meta property=\"article:modified_time\" content=\"2026-04-19T20:37:18+00:00\" \/>\n<meta property=\"og:image\" content=\"https:\/\/erwanforgeau.fr\/wp-content\/uploads\/2026\/01\/Lignee-Reiki-724x1024.png\" \/>\n<meta name=\"twitter:card\" content=\"summary_large_image\" \/>\n<meta name=\"twitter:label1\" content=\"Dur\u00e9e de lecture estim\u00e9e\" \/>\n\t<meta name=\"twitter:data1\" content=\"2 minutes\" \/>\n<script type=\"application\/ld+json\" class=\"yoast-schema-graph\">{\"@context\":\"https:\\\/\\\/schema.org\",\"@graph\":[{\"@type\":\"WebPage\",\"@id\":\"https:\\\/\\\/erwanforgeau.fr\\\/index.php\\\/ma-lignee-reiki-usui\\\/\",\"url\":\"https:\\\/\\\/erwanforgeau.fr\\\/index.php\\\/ma-lignee-reiki-usui\\\/\",\"name\":\"Ma lign\u00e9e Reiki Usui\",\"isPartOf\":{\"@id\":\"https:\\\/\\\/erwanforgeau.fr\\\/#website\"},\"primaryImageOfPage\":{\"@id\":\"https:\\\/\\\/erwanforgeau.fr\\\/index.php\\\/ma-lignee-reiki-usui\\\/#primaryimage\"},\"image\":{\"@id\":\"https:\\\/\\\/erwanforgeau.fr\\\/index.php\\\/ma-lignee-reiki-usui\\\/#primaryimage\"},\"thumbnailUrl\":\"https:\\\/\\\/erwanforgeau.fr\\\/wp-content\\\/uploads\\\/2026\\\/01\\\/Lignee-Reiki-724x1024.png\",\"datePublished\":\"2026-01-18T19:15:23+00:00\",\"dateModified\":\"2026-04-19T20:37:18+00:00\",\"description\":\"D\u00e9couvrez ma lign\u00e9e Reiki Usui. Un rep\u00e8re essentiel pour comprendre la qualit\u00e9 et la profondeur de ma pratique.\",\"breadcrumb\":{\"@id\":\"https:\\\/\\\/erwanforgeau.fr\\\/index.php\\\/ma-lignee-reiki-usui\\\/#breadcrumb\"},\"inLanguage\":\"fr-FR\",\"potentialAction\":[{\"@type\":\"ReadAction\",\"target\":[\"https:\\\/\\\/erwanforgeau.fr\\\/index.php\\\/ma-lignee-reiki-usui\\\/\"]}]},{\"@type\":\"ImageObject\",\"inLanguage\":\"fr-FR\",\"@id\":\"https:\\\/\\\/erwanforgeau.fr\\\/index.php\\\/ma-lignee-reiki-usui\\\/#primaryimage\",\"url\":\"https:\\\/\\\/erwanforgeau.fr\\\/wp-content\\\/uploads\\\/2026\\\/01\\\/Lignee-Reiki.png\",\"contentUrl\":\"https:\\\/\\\/erwanforgeau.fr\\\/wp-content\\\/uploads\\\/2026\\\/01\\\/Lignee-Reiki.png\",\"width\":1587,\"height\":2245},{\"@type\":\"BreadcrumbList\",\"@id\":\"https:\\\/\\\/erwanforgeau.fr\\\/index.php\\\/ma-lignee-reiki-usui\\\/#breadcrumb\",\"itemListElement\":[{\"@type\":\"ListItem\",\"position\":1,\"name\":\"Accueil\",\"item\":\"https:\\\/\\\/erwanforgeau.fr\\\/\"},{\"@type\":\"ListItem\",\"position\":2,\"name\":\"Ma Lign\u00e9e Reiki Usui\"}]},{\"@type\":\"WebSite\",\"@id\":\"https:\\\/\\\/erwanforgeau.fr\\\/#website\",\"url\":\"https:\\\/\\\/erwanforgeau.fr\\\/\",\"name\":\"erwan, forgeau, maitre, reiki, usui, soins energetiques, 44, nantes, abbaretz, nort sur erdre\",\"description\":\"Ma\u00eetre Reiki Usui\",\"publisher\":{\"@id\":\"https:\\\/\\\/erwanforgeau.fr\\\/#organization\"},\"alternateName\":\"energie, energetique, soins, bien etre, meditation, maitre, spirituel, spiritualite\",\"potentialAction\":[{\"@type\":\"SearchAction\",\"target\":{\"@type\":\"EntryPoint\",\"urlTemplate\":\"https:\\\/\\\/erwanforgeau.fr\\\/?s={search_term_string}\"},\"query-input\":{\"@type\":\"PropertyValueSpecification\",\"valueRequired\":true,\"valueName\":\"search_term_string\"}}],\"inLanguage\":\"fr-FR\"},{\"@type\":\"Organization\",\"@id\":\"https:\\\/\\\/erwanforgeau.fr\\\/#organization\",\"name\":\"Erwan Forgeau, spiritualite, spirituel, soins \u00e9nerg\u00e9tiques, energie, bien \u00eatre\",\"alternateName\":\"erwan, forgeau, maitre, reiki, usui, nantes, abbaretz, 44, bien etre\",\"url\":\"https:\\\/\\\/erwanforgeau.fr\\\/\",\"logo\":{\"@type\":\"ImageObject\",\"inLanguage\":\"fr-FR\",\"@id\":\"https:\\\/\\\/erwanforgeau.fr\\\/#\\\/schema\\\/logo\\\/image\\\/\",\"url\":\"https:\\\/\\\/erwanforgeau.fr\\\/wp-content\\\/uploads\\\/2024\\\/07\\\/cropped-certification-1705088_960_720-e1720355707362.png\",\"contentUrl\":\"https:\\\/\\\/erwanforgeau.fr\\\/wp-content\\\/uploads\\\/2024\\\/07\\\/cropped-certification-1705088_960_720-e1720355707362.png\",\"width\":100,\"height\":95,\"caption\":\"Erwan Forgeau, spiritualite, spirituel, soins \u00e9nerg\u00e9tiques, energie, bien \u00eatre\"},\"image\":{\"@id\":\"https:\\\/\\\/erwanforgeau.fr\\\/#\\\/schema\\\/logo\\\/image\\\/\"},\"sameAs\":[\"https:\\\/\\\/www.facebook.com\\\/profile.php?id=100095511608759\"]}]}<\/script>\n<!-- \/ Yoast SEO plugin. -->","yoast_head_json":{"title":"Ma lign\u00e9e Reiki Usui","description":"D\u00e9couvrez ma lign\u00e9e Reiki Usui. Un rep\u00e8re essentiel pour comprendre la qualit\u00e9 et la profondeur de ma pratique.","robots":{"index":"index","follow":"follow","max-snippet":"max-snippet:-1","max-image-preview":"max-image-preview:large","max-video-preview":"max-video-preview:-1"},"canonical":"https:\/\/erwanforgeau.fr\/index.php\/ma-lignee-reiki-usui\/","og_locale":"fr_FR","og_type":"article","og_title":"Ma lign\u00e9e Reiki Usui","og_description":"D\u00e9couvrez ma lign\u00e9e Reiki Usui. Un rep\u00e8re essentiel pour comprendre la qualit\u00e9 et la profondeur de ma pratique.","og_url":"https:\/\/erwanforgeau.fr\/index.php\/ma-lignee-reiki-usui\/","og_site_name":"Erwan Forgeau","article_publisher":"https:\/\/www.facebook.com\/profile.php?id=100095511608759","article_modified_time":"2026-04-19T20:37:18+00:00","og_image":[{"url":"https:\/\/erwanforgeau.fr\/wp-content\/uploads\/2026\/01\/Lignee-Reiki-724x1024.png","type":"","width":"","height":""}],"twitter_card":"summary_large_image","twitter_misc":{"Dur\u00e9e de lecture estim\u00e9e":"2 minutes"},"schema":{"@context":"https:\/\/schema.org","@graph":[{"@type":"WebPage","@id":"https:\/\/erwanforgeau.fr\/index.php\/ma-lignee-reiki-usui\/","url":"https:\/\/erwanforgeau.fr\/index.php\/ma-lignee-reiki-usui\/","name":"Ma lign\u00e9e Reiki Usui","isPartOf":{"@id":"https:\/\/erwanforgeau.fr\/#website"},"primaryImageOfPage":{"@id":"https:\/\/erwanforgeau.fr\/index.php\/ma-lignee-reiki-usui\/#primaryimage"},"image":{"@id":"https:\/\/erwanforgeau.fr\/index.php\/ma-lignee-reiki-usui\/#primaryimage"},"thumbnailUrl":"https:\/\/erwanforgeau.fr\/wp-content\/uploads\/2026\/01\/Lignee-Reiki-724x1024.png","datePublished":"2026-01-18T19:15:23+00:00","dateModified":"2026-04-19T20:37:18+00:00","description":"D\u00e9couvrez ma lign\u00e9e Reiki Usui. Un rep\u00e8re essentiel pour comprendre la qualit\u00e9 et la profondeur de ma pratique.","breadcrumb":{"@id":"https:\/\/erwanforgeau.fr\/index.php\/ma-lignee-reiki-usui\/#breadcrumb"},"inLanguage":"fr-FR","potentialAction":[{"@type":"ReadAction","target":["https:\/\/erwanforgeau.fr\/index.php\/ma-lignee-reiki-usui\/"]}]},{"@type":"ImageObject","inLanguage":"fr-FR","@id":"https:\/\/erwanforgeau.fr\/index.php\/ma-lignee-reiki-usui\/#primaryimage","url":"https:\/\/erwanforgeau.fr\/wp-content\/uploads\/2026\/01\/Lignee-Reiki.png","contentUrl":"https:\/\/erwanforgeau.fr\/wp-content\/uploads\/2026\/01\/Lignee-Reiki.png","width":1587,"height":2245},{"@type":"BreadcrumbList","@id":"https:\/\/erwanforgeau.fr\/index.php\/ma-lignee-reiki-usui\/#breadcrumb","itemListElement":[{"@type":"ListItem","position":1,"name":"Accueil","item":"https:\/\/erwanforgeau.fr\/"},{"@type":"ListItem","position":2,"name":"Ma Lign\u00e9e Reiki Usui"}]},{"@type":"WebSite","@id":"https:\/\/erwanforgeau.fr\/#website","url":"https:\/\/erwanforgeau.fr\/","name":"erwan, forgeau, maitre, reiki, usui, soins energetiques, 44, nantes, abbaretz, nort sur erdre","description":"Ma\u00eetre Reiki Usui","publisher":{"@id":"https:\/\/erwanforgeau.fr\/#organization"},"alternateName":"energie, energetique, soins, bien etre, meditation, maitre, spirituel, spiritualite","potentialAction":[{"@type":"SearchAction","target":{"@type":"EntryPoint","urlTemplate":"https:\/\/erwanforgeau.fr\/?s={search_term_string}"},"query-input":{"@type":"PropertyValueSpecification","valueRequired":true,"valueName":"search_term_string"}}],"inLanguage":"fr-FR"},{"@type":"Organization","@id":"https:\/\/erwanforgeau.fr\/#organization","name":"Erwan Forgeau, spiritualite, spirituel, soins \u00e9nerg\u00e9tiques, energie, bien \u00eatre","alternateName":"erwan, forgeau, maitre, reiki, usui, nantes, abbaretz, 44, bien etre","url":"https:\/\/erwanforgeau.fr\/","logo":{"@type":"ImageObject","inLanguage":"fr-FR","@id":"https:\/\/erwanforgeau.fr\/#\/schema\/logo\/image\/","url":"https:\/\/erwanforgeau.fr\/wp-content\/uploads\/2024\/07\/cropped-certification-1705088_960_720-e1720355707362.png","contentUrl":"https:\/\/erwanforgeau.fr\/wp-content\/uploads\/2024\/07\/cropped-certification-1705088_960_720-e1720355707362.png","width":100,"height":95,"caption":"Erwan Forgeau, spiritualite, spirituel, soins \u00e9nerg\u00e9tiques, energie, bien \u00eatre"},"image":{"@id":"https:\/\/erwanforgeau.fr\/#\/schema\/logo\/image\/"},"sameAs":["https:\/\/www.facebook.com\/profile.php?id=100095511608759"]}]}},"_links":{"self":[{"href":"https:\/\/erwanforgeau.fr\/index.php\/wp-json\/wp\/v2\/pages\/1967","targetHints":{"allow":["GET"]}}],"collection":[{"href":"https:\/\/erwanforgeau.fr\/index.php\/wp-json\/wp\/v2\/pages"}],"about":[{"href":"https:\/\/erwanforgeau.fr\/index.php\/wp-json\/wp\/v2\/types\/page"}],"author":[{"embeddable":true,"href":"https:\/\/erwanforgeau.fr\/index.php\/wp-json\/wp\/v2\/users\/1"}],"replies":[{"embeddable":true,"href":"https:\/\/erwanforgeau.fr\/index.php\/wp-json\/wp\/v2\/comments?post=1967"}],"version-history":[{"count":25,"href":"https:\/\/erwanforgeau.fr\/index.php\/wp-json\/wp\/v2\/pages\/1967\/revisions"}],"predecessor-version":[{"id":2333,"href":"https:\/\/erwanforgeau.fr\/index.php\/wp-json\/wp\/v2\/pages\/1967\/revisions\/2333"}],"wp:attachment":[{"href":"https:\/\/erwanforgeau.fr\/index.php\/wp-json\/wp\/v2\/media?parent=1967"}],"curies":[{"name":"wp","href":"https:\/\/api.w.org\/{rel}","templated":true}]}}