{"id":2,"date":"2023-07-19T07:11:27","date_gmt":"2023-07-19T05:11:27","guid":{"rendered":"http:\/\/erwanforgeau.fr\/?page_id=2"},"modified":"2025-07-28T10:48:19","modified_gmt":"2025-07-28T08:48:19","slug":"accueil","status":"publish","type":"page","link":"https:\/\/erwanforgeau.fr\/","title":{"rendered":"Re\u00efki Usui"},"content":{"rendered":"\t\t<div data-elementor-type=\"wp-page\" data-elementor-id=\"2\" class=\"elementor elementor-2\">\n\t\t\t\t\t\t<section class=\"elementor-section elementor-top-section elementor-element elementor-element-7012608 elementor-section-boxed elementor-section-height-default elementor-section-height-default\" data-id=\"7012608\" data-element_type=\"section\" data-e-type=\"section\">\n\t\t\t\t\t\t<div class=\"elementor-container elementor-column-gap-default\">\n\t\t\t\t\t<div class=\"elementor-column elementor-col-100 elementor-top-column elementor-element elementor-element-552b3f6\" data-id=\"552b3f6\" data-element_type=\"column\" data-e-type=\"column\">\n\t\t\t<div class=\"elementor-widget-wrap elementor-element-populated\">\n\t\t\t\t\t\t<div class=\"elementor-element elementor-element-abdd55a elementor-widget elementor-widget-heading\" data-id=\"abdd55a\" data-element_type=\"widget\" data-e-type=\"widget\" data-widget_type=\"heading.default\">\n\t\t\t\t<div class=\"elementor-widget-container\">\n\t\t\t\t\t<h2 class=\"elementor-heading-title elementor-size-small\">Re\u00efki Usui<\/h2>\t\t\t\t<\/div>\n\t\t\t\t<\/div>\n\t\t\t\t\t<\/div>\n\t\t<\/div>\n\t\t\t\t\t<\/div>\n\t\t<\/section>\n\t\t\t\t<section class=\"elementor-section elementor-top-section elementor-element elementor-element-1f77fd6 elementor-section-boxed elementor-section-height-default elementor-section-height-default\" data-id=\"1f77fd6\" data-element_type=\"section\" data-e-type=\"section\">\n\t\t\t\t\t\t<div class=\"elementor-container elementor-column-gap-default\">\n\t\t\t\t\t<div class=\"elementor-column elementor-col-100 elementor-top-column elementor-element elementor-element-a9ab155\" data-id=\"a9ab155\" data-element_type=\"column\" data-e-type=\"column\">\n\t\t\t<div class=\"elementor-widget-wrap elementor-element-populated\">\n\t\t\t\t\t\t<div class=\"elementor-element elementor-element-0f14fc9 elementor-widget elementor-widget-image\" data-id=\"0f14fc9\" data-element_type=\"widget\" data-e-type=\"widget\" data-widget_type=\"image.default\">\n\t\t\t\t<div class=\"elementor-widget-container\">\n\t\t\t\t\t\t\t\t\t\t\t\t\t\t\t<img decoding=\"async\" src=\"https:\/\/erwanforgeau.fr\/wp-content\/uploads\/2023\/07\/goku6.png\" title=\"\" alt=\"\" loading=\"lazy\" \/>\t\t\t\t\t\t\t\t\t\t\t\t\t\t\t<\/div>\n\t\t\t\t<\/div>\n\t\t\t\t\t<\/div>\n\t\t<\/div>\n\t\t\t\t\t<\/div>\n\t\t<\/section>\n\t\t\t\t<section class=\"elementor-section elementor-top-section elementor-element elementor-element-e1e19a5 elementor-section-boxed elementor-section-height-default elementor-section-height-default\" data-id=\"e1e19a5\" data-element_type=\"section\" data-e-type=\"section\">\n\t\t\t\t\t\t<div class=\"elementor-container elementor-column-gap-default\">\n\t\t\t\t\t<div class=\"elementor-column elementor-col-100 elementor-top-column elementor-element elementor-element-29d35ef\" data-id=\"29d35ef\" data-element_type=\"column\" data-e-type=\"column\">\n\t\t\t<div class=\"elementor-widget-wrap elementor-element-populated\">\n\t\t\t\t\t\t<div class=\"elementor-element elementor-element-cac8476 elementor-widget elementor-widget-text-editor\" data-id=\"cac8476\" data-element_type=\"widget\" data-e-type=\"widget\" data-widget_type=\"text-editor.default\">\n\t\t\t\t<div class=\"elementor-widget-container\">\n\t\t\t\t\t\t\t\t\t<p><strong>Puissent tous les \u00eatres jouir du bonheur et des causes du bonheur ;<\/strong><\/p><p><strong>Puissent-ils \u00eatre libres de la souffrance et des causes de la souffrance ;<\/strong><\/p><p><strong>Puissent-ils ne jamais \u00eatre s\u00e9par\u00e9s du grand bonheur d\u00e9nu\u00e9 de souffrance ;<\/strong><\/p><p><strong>Puissent-ils demeurer dans la grande \u00e9quanimit\u00e9, qui est libre d&rsquo;attachement et d&rsquo;aversion.<\/strong><\/p>\t\t\t\t\t\t\t\t<\/div>\n\t\t\t\t<\/div>\n\t\t\t\t\t<\/div>\n\t\t<\/div>\n\t\t\t\t\t<\/div>\n\t\t<\/section>\n\t\t\t\t<section class=\"elementor-section elementor-top-section elementor-element elementor-element-03cee5f elementor-section-boxed elementor-section-height-default elementor-section-height-default\" data-id=\"03cee5f\" data-element_type=\"section\" data-e-type=\"section\">\n\t\t\t\t\t\t<div class=\"elementor-container elementor-column-gap-default\">\n\t\t\t\t\t<div class=\"elementor-column elementor-col-100 elementor-top-column elementor-element elementor-element-efc3326\" data-id=\"efc3326\" data-element_type=\"column\" data-e-type=\"column\">\n\t\t\t<div class=\"elementor-widget-wrap elementor-element-populated\">\n\t\t\t\t\t\t<div class=\"elementor-element elementor-element-48e9ce5 elementor-widget elementor-widget-image\" data-id=\"48e9ce5\" data-element_type=\"widget\" data-e-type=\"widget\" data-widget_type=\"image.default\">\n\t\t\t\t<div class=\"elementor-widget-container\">\n\t\t\t\t\t\t\t\t\t\t\t\t\t\t\t<img decoding=\"async\" src=\"https:\/\/erwanforgeau.fr\/wp-content\/uploads\/2023\/07\/6.jpg\" title=\"\" alt=\"\" loading=\"lazy\" \/>\t\t\t\t\t\t\t\t\t\t\t\t\t\t\t<\/div>\n\t\t\t\t<\/div>\n\t\t\t\t\t<\/div>\n\t\t<\/div>\n\t\t\t\t\t<\/div>\n\t\t<\/section>\n\t\t\t\t<\/div>\n\t\t","protected":false},"excerpt":{"rendered":"<p>Re\u00efki Usui Puissent tous les \u00eatres jouir du bonheur et des causes du bonheur ; Puissent-ils \u00eatre libres de la souffrance et des causes de la souffrance ; Puissent-ils ne &hellip; <\/p>\n","protected":false},"author":1,"featured_media":0,"parent":0,"menu_order":0,"comment_status":"closed","ping_status":"open","template":"","meta":{"footnotes":""},"class_list":["post-2","page","type-page","status-publish","hentry"],"yoast_head":"<!-- This site is optimized with the Yoast SEO plugin v27.4 - https:\/\/yoast.com\/product\/yoast-seo-wordpress\/ -->\n<title>Erwan Forgeau ma\u00eetre Reiki Usui<\/title>\n<meta name=\"description\" content=\"Erwan Forgeau ma\u00eetre Reiki Usui vous propose des formations Reiki 1er degr\u00e9 2\u00e8me degr\u00e9 3\u00e8me degr\u00e9 et 4\u00e8me degr\u00e9 dans la r\u00e9gion Nantaise.\" \/>\n<meta name=\"robots\" content=\"index, follow, max-snippet:-1, max-image-preview:large, max-video-preview:-1\" \/>\n<link rel=\"canonical\" href=\"https:\/\/erwanforgeau.fr\/\" \/>\n<meta property=\"og:locale\" content=\"fr_FR\" \/>\n<meta property=\"og:type\" content=\"article\" \/>\n<meta property=\"og:title\" content=\"Erwan Forgeau ma\u00eetre Reiki Usui\" \/>\n<meta property=\"og:description\" content=\"Erwan Forgeau ma\u00eetre Reiki Usui vous propose des formations Reiki 1er degr\u00e9 2\u00e8me degr\u00e9 3\u00e8me degr\u00e9 et 4\u00e8me degr\u00e9 dans la r\u00e9gion Nantaise.\" \/>\n<meta property=\"og:url\" content=\"https:\/\/erwanforgeau.fr\/\" \/>\n<meta property=\"og:site_name\" content=\"Erwan Forgeau\" \/>\n<meta property=\"article:publisher\" content=\"https:\/\/www.facebook.com\/profile.php?id=100095511608759\" \/>\n<meta property=\"article:modified_time\" content=\"2025-07-28T08:48:19+00:00\" \/>\n<meta property=\"og:image\" content=\"https:\/\/erwanforgeau.fr\/wp-content\/uploads\/2023\/07\/goku6.png\" \/>\n<meta name=\"twitter:card\" content=\"summary_large_image\" \/>\n<meta name=\"twitter:label1\" content=\"Dur\u00e9e de lecture estim\u00e9e\" \/>\n\t<meta name=\"twitter:data1\" content=\"1 minute\" \/>\n<script type=\"application\/ld+json\" class=\"yoast-schema-graph\">{\"@context\":\"https:\\\/\\\/schema.org\",\"@graph\":[{\"@type\":\"WebPage\",\"@id\":\"https:\\\/\\\/erwanforgeau.fr\\\/\",\"url\":\"https:\\\/\\\/erwanforgeau.fr\\\/\",\"name\":\"Erwan Forgeau ma\u00eetre Reiki Usui\",\"isPartOf\":{\"@id\":\"https:\\\/\\\/erwanforgeau.fr\\\/#website\"},\"primaryImageOfPage\":{\"@id\":\"https:\\\/\\\/erwanforgeau.fr\\\/#primaryimage\"},\"image\":{\"@id\":\"https:\\\/\\\/erwanforgeau.fr\\\/#primaryimage\"},\"thumbnailUrl\":\"https:\\\/\\\/erwanforgeau.fr\\\/wp-content\\\/uploads\\\/2023\\\/07\\\/goku6.png\",\"datePublished\":\"2023-07-19T05:11:27+00:00\",\"dateModified\":\"2025-07-28T08:48:19+00:00\",\"description\":\"Erwan Forgeau ma\u00eetre Reiki Usui vous propose des formations Reiki 1er degr\u00e9 2\u00e8me degr\u00e9 3\u00e8me degr\u00e9 et 4\u00e8me degr\u00e9 dans la r\u00e9gion Nantaise.\",\"breadcrumb\":{\"@id\":\"https:\\\/\\\/erwanforgeau.fr\\\/#breadcrumb\"},\"inLanguage\":\"fr-FR\",\"potentialAction\":[{\"@type\":\"ReadAction\",\"target\":[\"https:\\\/\\\/erwanforgeau.fr\\\/\"]}]},{\"@type\":\"ImageObject\",\"inLanguage\":\"fr-FR\",\"@id\":\"https:\\\/\\\/erwanforgeau.fr\\\/#primaryimage\",\"url\":\"\",\"contentUrl\":\"\"},{\"@type\":\"BreadcrumbList\",\"@id\":\"https:\\\/\\\/erwanforgeau.fr\\\/#breadcrumb\",\"itemListElement\":[{\"@type\":\"ListItem\",\"position\":1,\"name\":\"Accueil\",\"item\":\"https:\\\/\\\/erwanforgeau.fr\\\/\"},{\"@type\":\"ListItem\",\"position\":2,\"name\":\"Re\u00efki Usui\"}]},{\"@type\":\"WebSite\",\"@id\":\"https:\\\/\\\/erwanforgeau.fr\\\/#website\",\"url\":\"https:\\\/\\\/erwanforgeau.fr\\\/\",\"name\":\"erwan, forgeau, maitre, reiki, usui, soins energetiques, 44, nantes, abbaretz, nort sur erdre\",\"description\":\"Ma\u00eetre Reiki Usui\",\"publisher\":{\"@id\":\"https:\\\/\\\/erwanforgeau.fr\\\/#organization\"},\"alternateName\":\"energie, energetique, soins, bien etre, meditation, maitre, spirituel, spiritualite\",\"potentialAction\":[{\"@type\":\"SearchAction\",\"target\":{\"@type\":\"EntryPoint\",\"urlTemplate\":\"https:\\\/\\\/erwanforgeau.fr\\\/?s={search_term_string}\"},\"query-input\":{\"@type\":\"PropertyValueSpecification\",\"valueRequired\":true,\"valueName\":\"search_term_string\"}}],\"inLanguage\":\"fr-FR\"},{\"@type\":\"Organization\",\"@id\":\"https:\\\/\\\/erwanforgeau.fr\\\/#organization\",\"name\":\"Erwan Forgeau, spiritualite, spirituel, soins \u00e9nerg\u00e9tiques, energie, bien \u00eatre\",\"alternateName\":\"erwan, forgeau, maitre, reiki, usui, nantes, abbaretz, 44, bien etre\",\"url\":\"https:\\\/\\\/erwanforgeau.fr\\\/\",\"logo\":{\"@type\":\"ImageObject\",\"inLanguage\":\"fr-FR\",\"@id\":\"https:\\\/\\\/erwanforgeau.fr\\\/#\\\/schema\\\/logo\\\/image\\\/\",\"url\":\"https:\\\/\\\/erwanforgeau.fr\\\/wp-content\\\/uploads\\\/2024\\\/07\\\/cropped-certification-1705088_960_720-e1720355707362.png\",\"contentUrl\":\"https:\\\/\\\/erwanforgeau.fr\\\/wp-content\\\/uploads\\\/2024\\\/07\\\/cropped-certification-1705088_960_720-e1720355707362.png\",\"width\":100,\"height\":95,\"caption\":\"Erwan Forgeau, spiritualite, spirituel, soins \u00e9nerg\u00e9tiques, energie, bien \u00eatre\"},\"image\":{\"@id\":\"https:\\\/\\\/erwanforgeau.fr\\\/#\\\/schema\\\/logo\\\/image\\\/\"},\"sameAs\":[\"https:\\\/\\\/www.facebook.com\\\/profile.php?id=100095511608759\"]}]}<\/script>\n<!-- \/ Yoast SEO plugin. -->","yoast_head_json":{"title":"Erwan Forgeau ma\u00eetre Reiki Usui","description":"Erwan Forgeau ma\u00eetre Reiki Usui vous propose des formations Reiki 1er degr\u00e9 2\u00e8me degr\u00e9 3\u00e8me degr\u00e9 et 4\u00e8me degr\u00e9 dans la r\u00e9gion Nantaise.","robots":{"index":"index","follow":"follow","max-snippet":"max-snippet:-1","max-image-preview":"max-image-preview:large","max-video-preview":"max-video-preview:-1"},"canonical":"https:\/\/erwanforgeau.fr\/","og_locale":"fr_FR","og_type":"article","og_title":"Erwan Forgeau ma\u00eetre Reiki Usui","og_description":"Erwan Forgeau ma\u00eetre Reiki Usui vous propose des formations Reiki 1er degr\u00e9 2\u00e8me degr\u00e9 3\u00e8me degr\u00e9 et 4\u00e8me degr\u00e9 dans la r\u00e9gion Nantaise.","og_url":"https:\/\/erwanforgeau.fr\/","og_site_name":"Erwan Forgeau","article_publisher":"https:\/\/www.facebook.com\/profile.php?id=100095511608759","article_modified_time":"2025-07-28T08:48:19+00:00","og_image":[{"url":"https:\/\/erwanforgeau.fr\/wp-content\/uploads\/2023\/07\/goku6.png","type":"","width":"","height":""}],"twitter_card":"summary_large_image","twitter_misc":{"Dur\u00e9e de lecture estim\u00e9e":"1 minute"},"schema":{"@context":"https:\/\/schema.org","@graph":[{"@type":"WebPage","@id":"https:\/\/erwanforgeau.fr\/","url":"https:\/\/erwanforgeau.fr\/","name":"Erwan Forgeau ma\u00eetre Reiki Usui","isPartOf":{"@id":"https:\/\/erwanforgeau.fr\/#website"},"primaryImageOfPage":{"@id":"https:\/\/erwanforgeau.fr\/#primaryimage"},"image":{"@id":"https:\/\/erwanforgeau.fr\/#primaryimage"},"thumbnailUrl":"https:\/\/erwanforgeau.fr\/wp-content\/uploads\/2023\/07\/goku6.png","datePublished":"2023-07-19T05:11:27+00:00","dateModified":"2025-07-28T08:48:19+00:00","description":"Erwan Forgeau ma\u00eetre Reiki Usui vous propose des formations Reiki 1er degr\u00e9 2\u00e8me degr\u00e9 3\u00e8me degr\u00e9 et 4\u00e8me degr\u00e9 dans la r\u00e9gion Nantaise.","breadcrumb":{"@id":"https:\/\/erwanforgeau.fr\/#breadcrumb"},"inLanguage":"fr-FR","potentialAction":[{"@type":"ReadAction","target":["https:\/\/erwanforgeau.fr\/"]}]},{"@type":"ImageObject","inLanguage":"fr-FR","@id":"https:\/\/erwanforgeau.fr\/#primaryimage","url":"","contentUrl":""},{"@type":"BreadcrumbList","@id":"https:\/\/erwanforgeau.fr\/#breadcrumb","itemListElement":[{"@type":"ListItem","position":1,"name":"Accueil","item":"https:\/\/erwanforgeau.fr\/"},{"@type":"ListItem","position":2,"name":"Re\u00efki Usui"}]},{"@type":"WebSite","@id":"https:\/\/erwanforgeau.fr\/#website","url":"https:\/\/erwanforgeau.fr\/","name":"erwan, forgeau, maitre, reiki, usui, soins energetiques, 44, nantes, abbaretz, nort sur erdre","description":"Ma\u00eetre Reiki Usui","publisher":{"@id":"https:\/\/erwanforgeau.fr\/#organization"},"alternateName":"energie, energetique, soins, bien etre, meditation, maitre, spirituel, spiritualite","potentialAction":[{"@type":"SearchAction","target":{"@type":"EntryPoint","urlTemplate":"https:\/\/erwanforgeau.fr\/?s={search_term_string}"},"query-input":{"@type":"PropertyValueSpecification","valueRequired":true,"valueName":"search_term_string"}}],"inLanguage":"fr-FR"},{"@type":"Organization","@id":"https:\/\/erwanforgeau.fr\/#organization","name":"Erwan Forgeau, spiritualite, spirituel, soins \u00e9nerg\u00e9tiques, energie, bien \u00eatre","alternateName":"erwan, forgeau, maitre, reiki, usui, nantes, abbaretz, 44, bien etre","url":"https:\/\/erwanforgeau.fr\/","logo":{"@type":"ImageObject","inLanguage":"fr-FR","@id":"https:\/\/erwanforgeau.fr\/#\/schema\/logo\/image\/","url":"https:\/\/erwanforgeau.fr\/wp-content\/uploads\/2024\/07\/cropped-certification-1705088_960_720-e1720355707362.png","contentUrl":"https:\/\/erwanforgeau.fr\/wp-content\/uploads\/2024\/07\/cropped-certification-1705088_960_720-e1720355707362.png","width":100,"height":95,"caption":"Erwan Forgeau, spiritualite, spirituel, soins \u00e9nerg\u00e9tiques, energie, bien \u00eatre"},"image":{"@id":"https:\/\/erwanforgeau.fr\/#\/schema\/logo\/image\/"},"sameAs":["https:\/\/www.facebook.com\/profile.php?id=100095511608759"]}]}},"_links":{"self":[{"href":"https:\/\/erwanforgeau.fr\/index.php\/wp-json\/wp\/v2\/pages\/2","targetHints":{"allow":["GET"]}}],"collection":[{"href":"https:\/\/erwanforgeau.fr\/index.php\/wp-json\/wp\/v2\/pages"}],"about":[{"href":"https:\/\/erwanforgeau.fr\/index.php\/wp-json\/wp\/v2\/types\/page"}],"author":[{"embeddable":true,"href":"https:\/\/erwanforgeau.fr\/index.php\/wp-json\/wp\/v2\/users\/1"}],"replies":[{"embeddable":true,"href":"https:\/\/erwanforgeau.fr\/index.php\/wp-json\/wp\/v2\/comments?post=2"}],"version-history":[{"count":321,"href":"https:\/\/erwanforgeau.fr\/index.php\/wp-json\/wp\/v2\/pages\/2\/revisions"}],"predecessor-version":[{"id":1031,"href":"https:\/\/erwanforgeau.fr\/index.php\/wp-json\/wp\/v2\/pages\/2\/revisions\/1031"}],"wp:attachment":[{"href":"https:\/\/erwanforgeau.fr\/index.php\/wp-json\/wp\/v2\/media?parent=2"}],"curies":[{"name":"wp","href":"https:\/\/api.w.org\/{rel}","templated":true}]}}