{"id":59,"date":"2023-07-20T17:11:13","date_gmt":"2023-07-20T15:11:13","guid":{"rendered":"https:\/\/erwanforgeau.fr\/?page_id=59"},"modified":"2026-04-19T11:43:45","modified_gmt":"2026-04-19T09:43:45","slug":"contact","status":"publish","type":"page","link":"https:\/\/erwanforgeau.fr\/index.php\/contact\/","title":{"rendered":"Contact"},"content":{"rendered":"\t\t<div data-elementor-type=\"wp-page\" data-elementor-id=\"59\" class=\"elementor elementor-59\">\n\t\t\t\t\t\t<section class=\"elementor-section elementor-top-section elementor-element elementor-element-850c360 elementor-section-boxed elementor-section-height-default elementor-section-height-default\" data-id=\"850c360\" data-element_type=\"section\" data-e-type=\"section\">\n\t\t\t\t\t\t<div class=\"elementor-container elementor-column-gap-default\">\n\t\t\t\t\t<div class=\"elementor-column elementor-col-100 elementor-top-column elementor-element elementor-element-ee04744\" data-id=\"ee04744\" data-element_type=\"column\" data-e-type=\"column\">\n\t\t\t<div class=\"elementor-widget-wrap elementor-element-populated\">\n\t\t\t\t\t\t<div class=\"elementor-element elementor-element-8ceebfa elementor-widget elementor-widget-heading\" data-id=\"8ceebfa\" data-element_type=\"widget\" data-e-type=\"widget\" data-widget_type=\"heading.default\">\n\t\t\t\t<div class=\"elementor-widget-container\">\n\t\t\t\t\t<h1 class=\"elementor-heading-title elementor-size-default\">Contact - S\u00e9ances et formations Reiki Usui \u00e0 Abbaretz<\/h1>\t\t\t\t<\/div>\n\t\t\t\t<\/div>\n\t\t\t\t\t<\/div>\n\t\t<\/div>\n\t\t\t\t\t<\/div>\n\t\t<\/section>\n\t\t\t\t<section class=\"elementor-section elementor-top-section elementor-element elementor-element-aae5a9d elementor-section-boxed elementor-section-height-default elementor-section-height-default\" data-id=\"aae5a9d\" data-element_type=\"section\" data-e-type=\"section\">\n\t\t\t\t\t\t<div class=\"elementor-container elementor-column-gap-default\">\n\t\t\t\t\t<div class=\"elementor-column elementor-col-100 elementor-top-column elementor-element elementor-element-79b26b5\" data-id=\"79b26b5\" data-element_type=\"column\" data-e-type=\"column\">\n\t\t\t<div class=\"elementor-widget-wrap elementor-element-populated\">\n\t\t\t\t\t\t<div class=\"elementor-element elementor-element-b13bbc9 elementor-widget elementor-widget-text-editor\" data-id=\"b13bbc9\" data-element_type=\"widget\" data-e-type=\"widget\" data-widget_type=\"text-editor.default\">\n\t\t\t\t<div class=\"elementor-widget-container\">\n\t\t\t\t\t\t\t\t\t<p>L&rsquo;\u00e9nergie du groupe est importante pour les stages du 1er, 2\u00e8me et 3\u00e8me degr\u00e9. Mais si pour une raison personnelle vous souhaitez effectuer votre formation individuellement, merci de me le pr\u00e9ciser dans le paragraphe du formulaire ci-dessous (aucun surco\u00fbt ne vous sera appliqu\u00e9).<\/p>\t\t\t\t\t\t\t\t<\/div>\n\t\t\t\t<\/div>\n\t\t\t\t\t<\/div>\n\t\t<\/div>\n\t\t\t\t\t<\/div>\n\t\t<\/section>\n\t\t\t\t<section class=\"elementor-section elementor-top-section elementor-element elementor-element-8589849 elementor-section-boxed elementor-section-height-default elementor-section-height-default\" data-id=\"8589849\" data-element_type=\"section\" data-e-type=\"section\">\n\t\t\t\t\t\t<div class=\"elementor-container elementor-column-gap-default\">\n\t\t\t\t\t<div class=\"elementor-column elementor-col-100 elementor-top-column elementor-element elementor-element-c4d243f\" data-id=\"c4d243f\" data-element_type=\"column\" data-e-type=\"column\">\n\t\t\t<div class=\"elementor-widget-wrap elementor-element-populated\">\n\t\t\t\t\t\t<div class=\"elementor-element elementor-element-124ee0f elementor-widget elementor-widget-formidable\" data-id=\"124ee0f\" data-element_type=\"widget\" data-e-type=\"widget\" data-widget_type=\"formidable.default\">\n\t\t\t\t<div class=\"elementor-widget-container\">\n\t\t\t\t\t<div class=\"frm_forms  with_frm_style frm_style_style-formidable\" id=\"frm_form_2_container\" data-token=\"b42c24514260986768a04f4091dbc6d0\">\n<form enctype=\"multipart\/form-data\" method=\"post\" class=\"frm-show-form \" id=\"form_contact\" data-token=\"b42c24514260986768a04f4091dbc6d0\">\n<div class=\"frm_form_fields \">\n<fieldset>\n<legend class=\"frm_screen_reader\">Contact<\/legend>\r\n\r\n<div class=\"frm_fields_container\">\n<input type=\"hidden\" name=\"frm_action\" value=\"create\" \/>\n<input type=\"hidden\" name=\"form_id\" value=\"2\" \/>\n<input type=\"hidden\" name=\"frm_hide_fields_2\" id=\"frm_hide_fields_2\" value=\"\" \/>\n<input type=\"hidden\" name=\"form_key\" value=\"contact\" \/>\n<input type=\"hidden\" name=\"item_meta[0]\" value=\"\" \/>\n<input type=\"hidden\" id=\"frm_submit_entry_2\" name=\"frm_submit_entry_2\" value=\"15d3b90c5b\" \/><input type=\"hidden\" name=\"_wp_http_referer\" value=\"\/index.php\/wp-json\/wp\/v2\/pages\/59\" \/><div id=\"frm_field_6_container\" class=\"frm_form_field form-field  frm_required_field frm_top_container\">\r\n    <label for=\"field_ctlfj\" id=\"field_ctlfj_label\" class=\"frm_primary_label\">Pr\u00e9nom\r\n        <span class=\"frm_required\" aria-hidden=\"true\">*<\/span>\r\n    <\/label>\r\n    <input type=\"text\" id=\"field_ctlfj\" name=\"item_meta[6]\" value=\"\"  data-reqmsg=\"Pr\u00e9nom ne peut pas \u00eatre vide.\" aria-required=\"true\" data-invmsg=\"texte est non valide\" aria-invalid=\"false\"  \/>\r\n    \r\n    \r\n<\/div>\n<div id=\"frm_field_14_container\" class=\"frm_form_field form-field  frm_required_field frm_top_container\">\n\t<label for=\"field_kk1cd\" id=\"field_kk1cd_label\" class=\"frm_primary_label\">T\u00e9l\u00e9phone\n\t\t<span class=\"frm_required\" aria-hidden=\"true\">*<\/span>\n\t<\/label>\n\t<input type=\"tel\" id=\"field_kk1cd\" name=\"item_meta[14]\" value=\"\"  data-reqmsg=\"T\u00e9l\u00e9phone ne peut pas \u00eatre vide.\" aria-required=\"true\" data-invmsg=\"T\u00e9l\u00e9phone est non valide\" aria-invalid=\"false\" pattern=\"((\\+\\d{1,3}(-|.| )?\\(?\\d\\)?(-| |.)?\\d{1,5})|(\\(?\\d{2,6}\\)?))(-|.| )?(\\d{3,4})(-|.| )?(\\d{4})(( x| ext)\\d{1,5}){0,1}$\"  \/>\n\t\n\t\n<\/div>\n<div id=\"frm_field_7_container\" class=\"frm_form_field form-field  frm_required_field frm_top_container\">\r\n    <label for=\"field_ei463\" id=\"field_ei463_label\" class=\"frm_primary_label\">Email\r\n        <span class=\"frm_required\" aria-hidden=\"true\">*<\/span>\r\n    <\/label>\r\n    <input type=\"email\" id=\"field_ei463\" name=\"item_meta[7]\" value=\"\"  data-reqmsg=\"Email ne peut pas \u00eatre vide.\" aria-required=\"true\" data-invmsg=\"Email est non valide\" aria-invalid=\"false\"  \/>\r\n    \r\n    \r\n<\/div>\n<div id=\"frm_field_8_container\" class=\"frm_form_field form-field  frm_top_container\">\r\n    <label for=\"field_w2tr3\" id=\"field_w2tr3_label\" class=\"frm_primary_label\">Votre Demande\r\n        <span class=\"frm_required\" aria-hidden=\"true\"><\/span>\r\n    <\/label>\r\n    \t\t<select name=\"item_meta[8]\" id=\"field_w2tr3\"  data-frmval=\"Option 1\" data-invmsg=\"Votre Demande est non valide\" aria-invalid=\"false\"  >\n\t\t<option  value=\"S\u00e9ance Reiki Adultes\">S\u00e9ance Reiki Adultes<\/option><option  value=\"S\u00e9ance Reiki Enfants\">S\u00e9ance Reiki Enfants<\/option><option  value=\"Bilan\">Bilan<\/option><option  value=\"Reiki 1er Degr\u00e9\">Reiki 1er Degr\u00e9<\/option><option  value=\"Reiki 2\u00e8me Degr\u00e9\">Reiki 2\u00e8me Degr\u00e9<\/option><option  value=\"Reiki 3\u00e8me Degr\u00e9\">Reiki 3\u00e8me Degr\u00e9<\/option><option  value=\"Reiki 4\u00e8me Degr\u00e9\">Reiki 4\u00e8me Degr\u00e9<\/option><option  value=\"Ev\u00e8nement\">Ev\u00e8nement<\/option><option  value=\"Autre\">Autre<\/option>\t<\/select>\n\t\r\n    \r\n    \r\n<\/div>\n<div id=\"frm_field_9_container\" class=\"frm_form_field form-field  frm_required_field frm_top_container\">\r\n    <label for=\"field_8sqcc\" id=\"field_8sqcc_label\" class=\"frm_primary_label\">Paragraphe\r\n        <span class=\"frm_required\" aria-hidden=\"true\">*<\/span>\r\n    <\/label>\r\n    <textarea name=\"item_meta[9]\" id=\"field_8sqcc\" rows=\"5\"  data-reqmsg=\"Paragraphe ne peut pas \u00eatre vide.\" aria-required=\"true\" data-invmsg=\"Paragraphe est non valide\" aria-invalid=\"false\"  ><\/textarea>\r\n    \r\n    \r\n<\/div>\n<div id=\"frm_field_11_container\" class=\"frm_form_field form-field  frm_required_field frm_top_container vertical_radio\">\n\t<div  id=\"field_51zr8_label\" class=\"frm_primary_label\">Cases \u00e0 cocher\n\t\t<span class=\"frm_required\" aria-hidden=\"true\">*<\/span>\n\t<\/div>\n\t<div class=\"frm_opt_container\" aria-labelledby=\"field_51zr8_label\" role=\"group\">\t\t<div class=\"frm_checkbox\" id=\"frm_checkbox_11-0\">\t\t\t<label  for=\"field_51zr8-0\">\n\t\t\t<input type=\"checkbox\" name=\"item_meta[11][]\" id=\"field_51zr8-0\" value=\"J&#039;ai lu et j&#039;accepte les &lt;a href=&quot;https:\/\/erwanforgeau.fr\/index.php\/conditions-generales-de-vente-cgv\/&quot;&gt;Conditions G\u00e9n\u00e9rales de Ventes&lt;\/a&gt;\"  data-frmval=\"J&#039;accepte les &lt;a href=&quot;https:\/\/erwanforgeau.fr\/index.php\/conditions-generales-de-vente-cgv\/&quot;&gt;CGV&lt;\/a&gt;\" data-reqmsg=\"Cases \u00e0 cocher ne peut pas \u00eatre vide.\" data-invmsg=\"Cases \u00e0 cocher est non valide\"   aria-required=\"true\"  \/> J'ai lu et j'accepte les <a href=\"https:\/\/erwanforgeau.fr\/index.php\/conditions-generales-de-vente-cgv\/\">Conditions G\u00e9n\u00e9rales de Ventes<\/a><\/label><\/div>\n<\/div>\n\t\n\t\n<\/div>\n<div id=\"frm_field_13_container\" class=\"frm_form_field form-field  frm_required_field frm_top_container vertical_radio\">\n\t<div  id=\"field_5swd8_label\" class=\"frm_primary_label\">Cases \u00e0 cocher\n\t\t<span class=\"frm_required\" aria-hidden=\"true\">*<\/span>\n\t<\/div>\n\t<div class=\"frm_opt_container\" aria-labelledby=\"field_5swd8_label\" role=\"group\">\t\t<div class=\"frm_checkbox\" id=\"frm_checkbox_13-1\">\t\t\t<label  for=\"field_5swd8-1\">\n\t\t\t<input type=\"checkbox\" name=\"item_meta[13][]\" id=\"field_5swd8-1\" value=\"J&#039;ai lu et j&#039;accepte la &lt;a href=&quot;https:\/\/erwanforgeau.fr\/index.php\/politique-de-confidentialite\/&quot;&gt;Politique de confidentialit\u00e9&lt;\/a&gt;\"  data-frmval=\"J&#039;accepte les &lt;a href=&quot;https:\/\/erwanforgeau.fr\/index.php\/conditions-generales-de-vente-cgv\/&quot;&gt;CGV&lt;\/a&gt;\" data-reqmsg=\"Cases \u00e0 cocher ne peut pas \u00eatre vide.\" data-invmsg=\"Cases \u00e0 cocher est non valide\"   aria-required=\"true\"  \/> J'ai lu et j'accepte la <a href=\"https:\/\/erwanforgeau.fr\/index.php\/politique-de-confidentialite\/\">Politique de confidentialit\u00e9<\/a><\/label><\/div>\n<\/div>\n\t\n\t\n<\/div>\n<div id=\"frm_field_10_container\" class=\"frm_form_field form-field \">\n\t<div class=\"frm_submit\">\r\n\r\n<button class=\"frm_button_submit\" type=\"submit\"  >Envoyer<\/button>\r\n\r\n\r\n<\/div>\n<\/div>\n\t<input type=\"hidden\" name=\"item_key\" value=\"\" \/>\n\t\t\t<div id=\"frm_field_15_container\">\n\t\t\t<label for=\"field_d9bc7\" >\n\t\t\t\tSi vous \u00eates un humain, ne remplissez pas ce champ.\t\t\t<\/label>\n\t\t\t<input  id=\"field_d9bc7\" type=\"text\" class=\"frm_form_field form-field frm_verify\" name=\"item_meta[15]\" value=\"\"  \/>\n\t\t<\/div>\n\t\t<input name=\"frm_state\" type=\"hidden\" value=\"KYs9tVFiBMSfTIWm\/hzIsYTPIixi98X+EdTXofkiBII=\" \/><\/div>\n<\/fieldset>\n<\/div>\n\n<\/form>\n<\/div>\n\t\t\t\t<\/div>\n\t\t\t\t<\/div>\n\t\t\t\t<div class=\"elementor-element elementor-element-a135f60 elementor-widget elementor-widget-text-editor\" data-id=\"a135f60\" data-element_type=\"widget\" data-e-type=\"widget\" data-widget_type=\"text-editor.default\">\n\t\t\t\t<div class=\"elementor-widget-container\">\n\t\t\t\t\t\t\t\t\t<p><a href=\"tel:+33689825491\">Tel : 06.89.82.54.91<\/a><\/p>\t\t\t\t\t\t\t\t<\/div>\n\t\t\t\t<\/div>\n\t\t\t\t\t<\/div>\n\t\t<\/div>\n\t\t\t\t\t<\/div>\n\t\t<\/section>\n\t\t\t\t<\/div>\n\t\t","protected":false},"excerpt":{"rendered":"<p>Contact &#8211; S\u00e9ances et formations Reiki Usui \u00e0 Abbaretz L&rsquo;\u00e9nergie du groupe est importante pour les stages du 1er, 2\u00e8me et 3\u00e8me degr\u00e9. Mais si pour une raison personnelle vous &hellip; <\/p>\n","protected":false},"author":1,"featured_media":0,"parent":0,"menu_order":0,"comment_status":"closed","ping_status":"closed","template":"","meta":{"footnotes":""},"class_list":["post-59","page","type-page","status-publish","hentry"],"yoast_head":"<!-- This site is optimized with the Yoast SEO plugin v27.4 - https:\/\/yoast.com\/product\/yoast-seo-wordpress\/ -->\n<title>Contact<\/title>\n<meta name=\"description\" content=\"Formulaire de contact Erwan Forgeau ma\u00eetre Re\u00efki Usui sur la commune d&#039;Abbaretz situ\u00e9e dans la r\u00e9gion Nantaise.\" \/>\n<meta name=\"robots\" content=\"index, follow, max-snippet:-1, max-image-preview:large, max-video-preview:-1\" \/>\n<link rel=\"canonical\" href=\"https:\/\/erwanforgeau.fr\/index.php\/contact\/\" \/>\n<meta property=\"og:locale\" content=\"fr_FR\" \/>\n<meta property=\"og:type\" content=\"article\" \/>\n<meta property=\"og:title\" content=\"Contact\" \/>\n<meta property=\"og:description\" content=\"Formulaire de contact Erwan Forgeau ma\u00eetre Re\u00efki Usui sur la commune d&#039;Abbaretz situ\u00e9e dans la r\u00e9gion Nantaise.\" \/>\n<meta property=\"og:url\" content=\"https:\/\/erwanforgeau.fr\/index.php\/contact\/\" \/>\n<meta property=\"og:site_name\" content=\"Erwan Forgeau\" \/>\n<meta property=\"article:publisher\" content=\"https:\/\/www.facebook.com\/profile.php?id=100095511608759\" \/>\n<meta property=\"article:modified_time\" content=\"2026-04-19T09:43:45+00:00\" \/>\n<meta name=\"twitter:card\" content=\"summary_large_image\" \/>\n<meta name=\"twitter:label1\" content=\"Dur\u00e9e de lecture estim\u00e9e\" \/>\n\t<meta name=\"twitter:data1\" content=\"1 minute\" \/>\n<script type=\"application\/ld+json\" class=\"yoast-schema-graph\">{\"@context\":\"https:\\\/\\\/schema.org\",\"@graph\":[{\"@type\":\"WebPage\",\"@id\":\"https:\\\/\\\/erwanforgeau.fr\\\/index.php\\\/contact\\\/\",\"url\":\"https:\\\/\\\/erwanforgeau.fr\\\/index.php\\\/contact\\\/\",\"name\":\"Contact\",\"isPartOf\":{\"@id\":\"https:\\\/\\\/erwanforgeau.fr\\\/#website\"},\"datePublished\":\"2023-07-20T15:11:13+00:00\",\"dateModified\":\"2026-04-19T09:43:45+00:00\",\"description\":\"Formulaire de contact Erwan Forgeau ma\u00eetre Re\u00efki Usui sur la commune d'Abbaretz situ\u00e9e dans la r\u00e9gion Nantaise.\",\"breadcrumb\":{\"@id\":\"https:\\\/\\\/erwanforgeau.fr\\\/index.php\\\/contact\\\/#breadcrumb\"},\"inLanguage\":\"fr-FR\",\"potentialAction\":[{\"@type\":\"ReadAction\",\"target\":[\"https:\\\/\\\/erwanforgeau.fr\\\/index.php\\\/contact\\\/\"]}]},{\"@type\":\"BreadcrumbList\",\"@id\":\"https:\\\/\\\/erwanforgeau.fr\\\/index.php\\\/contact\\\/#breadcrumb\",\"itemListElement\":[{\"@type\":\"ListItem\",\"position\":1,\"name\":\"Accueil\",\"item\":\"https:\\\/\\\/erwanforgeau.fr\\\/\"},{\"@type\":\"ListItem\",\"position\":2,\"name\":\"Contact\"}]},{\"@type\":\"WebSite\",\"@id\":\"https:\\\/\\\/erwanforgeau.fr\\\/#website\",\"url\":\"https:\\\/\\\/erwanforgeau.fr\\\/\",\"name\":\"erwan, forgeau, maitre, reiki, usui, soins energetiques, 44, nantes, abbaretz, nort sur erdre\",\"description\":\"Ma\u00eetre Reiki Usui\",\"publisher\":{\"@id\":\"https:\\\/\\\/erwanforgeau.fr\\\/#organization\"},\"alternateName\":\"energie, energetique, soins, bien etre, meditation, maitre, spirituel, spiritualite\",\"potentialAction\":[{\"@type\":\"SearchAction\",\"target\":{\"@type\":\"EntryPoint\",\"urlTemplate\":\"https:\\\/\\\/erwanforgeau.fr\\\/?s={search_term_string}\"},\"query-input\":{\"@type\":\"PropertyValueSpecification\",\"valueRequired\":true,\"valueName\":\"search_term_string\"}}],\"inLanguage\":\"fr-FR\"},{\"@type\":\"Organization\",\"@id\":\"https:\\\/\\\/erwanforgeau.fr\\\/#organization\",\"name\":\"Erwan Forgeau, spiritualite, spirituel, soins \u00e9nerg\u00e9tiques, energie, bien \u00eatre\",\"alternateName\":\"erwan, forgeau, maitre, reiki, usui, nantes, abbaretz, 44, bien etre\",\"url\":\"https:\\\/\\\/erwanforgeau.fr\\\/\",\"logo\":{\"@type\":\"ImageObject\",\"inLanguage\":\"fr-FR\",\"@id\":\"https:\\\/\\\/erwanforgeau.fr\\\/#\\\/schema\\\/logo\\\/image\\\/\",\"url\":\"https:\\\/\\\/erwanforgeau.fr\\\/wp-content\\\/uploads\\\/2024\\\/07\\\/cropped-certification-1705088_960_720-e1720355707362.png\",\"contentUrl\":\"https:\\\/\\\/erwanforgeau.fr\\\/wp-content\\\/uploads\\\/2024\\\/07\\\/cropped-certification-1705088_960_720-e1720355707362.png\",\"width\":100,\"height\":95,\"caption\":\"Erwan Forgeau, spiritualite, spirituel, soins \u00e9nerg\u00e9tiques, energie, bien \u00eatre\"},\"image\":{\"@id\":\"https:\\\/\\\/erwanforgeau.fr\\\/#\\\/schema\\\/logo\\\/image\\\/\"},\"sameAs\":[\"https:\\\/\\\/www.facebook.com\\\/profile.php?id=100095511608759\"]}]}<\/script>\n<!-- \/ Yoast SEO plugin. -->","yoast_head_json":{"title":"Contact","description":"Formulaire de contact Erwan Forgeau ma\u00eetre Re\u00efki Usui sur la commune d'Abbaretz situ\u00e9e dans la r\u00e9gion Nantaise.","robots":{"index":"index","follow":"follow","max-snippet":"max-snippet:-1","max-image-preview":"max-image-preview:large","max-video-preview":"max-video-preview:-1"},"canonical":"https:\/\/erwanforgeau.fr\/index.php\/contact\/","og_locale":"fr_FR","og_type":"article","og_title":"Contact","og_description":"Formulaire de contact Erwan Forgeau ma\u00eetre Re\u00efki Usui sur la commune d'Abbaretz situ\u00e9e dans la r\u00e9gion Nantaise.","og_url":"https:\/\/erwanforgeau.fr\/index.php\/contact\/","og_site_name":"Erwan Forgeau","article_publisher":"https:\/\/www.facebook.com\/profile.php?id=100095511608759","article_modified_time":"2026-04-19T09:43:45+00:00","twitter_card":"summary_large_image","twitter_misc":{"Dur\u00e9e de lecture estim\u00e9e":"1 minute"},"schema":{"@context":"https:\/\/schema.org","@graph":[{"@type":"WebPage","@id":"https:\/\/erwanforgeau.fr\/index.php\/contact\/","url":"https:\/\/erwanforgeau.fr\/index.php\/contact\/","name":"Contact","isPartOf":{"@id":"https:\/\/erwanforgeau.fr\/#website"},"datePublished":"2023-07-20T15:11:13+00:00","dateModified":"2026-04-19T09:43:45+00:00","description":"Formulaire de contact Erwan Forgeau ma\u00eetre Re\u00efki Usui sur la commune d'Abbaretz situ\u00e9e dans la r\u00e9gion Nantaise.","breadcrumb":{"@id":"https:\/\/erwanforgeau.fr\/index.php\/contact\/#breadcrumb"},"inLanguage":"fr-FR","potentialAction":[{"@type":"ReadAction","target":["https:\/\/erwanforgeau.fr\/index.php\/contact\/"]}]},{"@type":"BreadcrumbList","@id":"https:\/\/erwanforgeau.fr\/index.php\/contact\/#breadcrumb","itemListElement":[{"@type":"ListItem","position":1,"name":"Accueil","item":"https:\/\/erwanforgeau.fr\/"},{"@type":"ListItem","position":2,"name":"Contact"}]},{"@type":"WebSite","@id":"https:\/\/erwanforgeau.fr\/#website","url":"https:\/\/erwanforgeau.fr\/","name":"erwan, forgeau, maitre, reiki, usui, soins energetiques, 44, nantes, abbaretz, nort sur erdre","description":"Ma\u00eetre Reiki Usui","publisher":{"@id":"https:\/\/erwanforgeau.fr\/#organization"},"alternateName":"energie, energetique, soins, bien etre, meditation, maitre, spirituel, spiritualite","potentialAction":[{"@type":"SearchAction","target":{"@type":"EntryPoint","urlTemplate":"https:\/\/erwanforgeau.fr\/?s={search_term_string}"},"query-input":{"@type":"PropertyValueSpecification","valueRequired":true,"valueName":"search_term_string"}}],"inLanguage":"fr-FR"},{"@type":"Organization","@id":"https:\/\/erwanforgeau.fr\/#organization","name":"Erwan Forgeau, spiritualite, spirituel, soins \u00e9nerg\u00e9tiques, energie, bien \u00eatre","alternateName":"erwan, forgeau, maitre, reiki, usui, nantes, abbaretz, 44, bien etre","url":"https:\/\/erwanforgeau.fr\/","logo":{"@type":"ImageObject","inLanguage":"fr-FR","@id":"https:\/\/erwanforgeau.fr\/#\/schema\/logo\/image\/","url":"https:\/\/erwanforgeau.fr\/wp-content\/uploads\/2024\/07\/cropped-certification-1705088_960_720-e1720355707362.png","contentUrl":"https:\/\/erwanforgeau.fr\/wp-content\/uploads\/2024\/07\/cropped-certification-1705088_960_720-e1720355707362.png","width":100,"height":95,"caption":"Erwan Forgeau, spiritualite, spirituel, soins \u00e9nerg\u00e9tiques, energie, bien \u00eatre"},"image":{"@id":"https:\/\/erwanforgeau.fr\/#\/schema\/logo\/image\/"},"sameAs":["https:\/\/www.facebook.com\/profile.php?id=100095511608759"]}]}},"_links":{"self":[{"href":"https:\/\/erwanforgeau.fr\/index.php\/wp-json\/wp\/v2\/pages\/59","targetHints":{"allow":["GET"]}}],"collection":[{"href":"https:\/\/erwanforgeau.fr\/index.php\/wp-json\/wp\/v2\/pages"}],"about":[{"href":"https:\/\/erwanforgeau.fr\/index.php\/wp-json\/wp\/v2\/types\/page"}],"author":[{"embeddable":true,"href":"https:\/\/erwanforgeau.fr\/index.php\/wp-json\/wp\/v2\/users\/1"}],"replies":[{"embeddable":true,"href":"https:\/\/erwanforgeau.fr\/index.php\/wp-json\/wp\/v2\/comments?post=59"}],"version-history":[{"count":64,"href":"https:\/\/erwanforgeau.fr\/index.php\/wp-json\/wp\/v2\/pages\/59\/revisions"}],"predecessor-version":[{"id":2239,"href":"https:\/\/erwanforgeau.fr\/index.php\/wp-json\/wp\/v2\/pages\/59\/revisions\/2239"}],"wp:attachment":[{"href":"https:\/\/erwanforgeau.fr\/index.php\/wp-json\/wp\/v2\/media?parent=59"}],"curies":[{"name":"wp","href":"https:\/\/api.w.org\/{rel}","templated":true}]}}